{"id":23391,"date":"2025-10-29T14:51:31","date_gmt":"2025-10-29T13:51:31","guid":{"rendered":"https:\/\/grejanjesrbija.com\/?post_type=product&#038;p=23391"},"modified":"2026-04-22T11:14:59","modified_gmt":"2026-04-22T09:14:59","slug":"kamin-na-pelet-alfa-plam-commo-22kw","status":"publish","type":"product","link":"https:\/\/grejanjesrbija.com\/ru\/proizvod\/kamin-na-pelet-alfa-plam-commo-22kw\/","title":{"rendered":"\u043f\u0435\u043b\u043b\u0435\u0442\u043d\u044b\u0439 \u0433\u0440\u0443\u0437\u043e\u0432\u0438\u043a Alfa Plam Commo \u043c\u043e\u0449\u043d\u043e\u0441\u0442\u044c\u044e 22,5 \u043a\u0412\u0442"},"content":{"rendered":"<h2 data-start=\"229\" data-end=\"291\"><strong data-start=\"232\" data-end=\"291\">Kamin na pelet Alfa Plam Commo &#8211; 22,5 kW\u00a0<\/strong><\/h2>\n<p data-start=\"293\" data-end=\"554\"><strong data-start=\"293\" data-end=\"320\">Alfa Plam Commo 22,5 kW ( 18,5kW+4kW)<\/strong> je <strong data-start=\"324\" data-end=\"348\">hydro kamin na pelet<\/strong> visokih performansi, namenjen za centralno grejanje stambenih i poslovnih objekata. Povezuje vrhunsku energetsku efikasnost, automatizovan rad i prepoznatljiv kvalitet doma\u0107e proizvodnje <strong data-start=\"538\" data-end=\"551\">\u0410\u043b\u044c\u0444\u0430-\u043f\u044f\u0442\u043d\u0430<\/strong>.<\/p>\n<p data-start=\"556\" data-end=\"844\">Ovaj model se direktno povezuje na instalaciju radijatora ili podnog grejanja i tako u potpunosti zamenjuje klasi\u010dan kotao. Zahvaljuju\u0107i integrisanim sigurnosnim elementima, pumpi i ekspanzionoj posudi, <strong data-start=\"759\" data-end=\"776\">Commo 22,5 kW<\/strong> predstavlja <strong data-start=\"789\" data-end=\"841\">kompletno re\u0161enje za centralno grejanje na pelet<\/strong>. Zadovoljava najvi\u0161e standarde u energetskoj efikasnosti ( A++).<\/p>\n<h3 data-start=\"807\" data-end=\"837\"><strong data-start=\"810\" data-end=\"837\">\u0422\u0435\u0445\u043d\u0438\u0447\u0435\u0441\u043a\u0438\u0435 \u0445\u0430\u0440\u0430\u043a\u0442\u0435\u0440\u0438\u0441\u0442\u0438\u043a\u0438<\/strong><\/h3>\n<div class=\"_tableContainer_1rjym_1\">\n<div class=\"group _tableWrapper_1rjym_13 flex w-fit flex-col-reverse\" tabindex=\"-1\">\n<table class=\"w-fit min-w-(--thread-content-width)\" data-start=\"839\" data-end=\"1493\">\n<thead data-start=\"839\" data-end=\"876\">\n<tr data-start=\"839\" data-end=\"876\">\n<th data-start=\"839\" data-end=\"860\" data-col-size=\"sm\"><strong data-start=\"841\" data-end=\"859\">Karakteristika<\/strong><\/th>\n<th data-start=\"860\" data-end=\"876\" data-col-size=\"md\"><strong data-start=\"862\" data-end=\"874\">Vrednost<\/strong><\/th>\n<\/tr>\n<\/thead>\n<tbody data-start=\"915\" data-end=\"1493\">\n<tr data-start=\"915\" data-end=\"953\">\n<td data-start=\"915\" data-end=\"944\" data-col-size=\"sm\"><strong data-start=\"917\" data-end=\"943\">Nazivna toplotna snaga<\/strong><\/td>\n<td data-start=\"944\" data-end=\"953\" data-col-size=\"md\">22,5 kW<\/td>\n<\/tr>\n<tr data-start=\"954\" data-end=\"988\">\n<td data-start=\"954\" data-end=\"979\" data-col-size=\"sm\"><strong data-start=\"956\" data-end=\"978\">Snaga predaje vodi<\/strong><\/td>\n<td data-start=\"979\" data-end=\"988\" data-col-size=\"md\">18,5 kW<\/td>\n<\/tr>\n<tr data-start=\"989\" data-end=\"1017\">\n<td data-start=\"989\" data-end=\"1006\" data-col-size=\"sm\"><strong data-start=\"991\" data-end=\"1005\">Efikasnost<\/strong><\/td>\n<td data-start=\"1006\" data-end=\"1017\" data-col-size=\"md\">do 92 %<\/td>\n<\/tr>\n<tr data-start=\"1018\" data-end=\"1088\">\n<td data-start=\"1018\" data-end=\"1038\" data-col-size=\"sm\"><strong data-start=\"1020\" data-end=\"1037\">Vrsta ure\u0111aja<\/strong><\/td>\n<td data-start=\"1038\" data-end=\"1088\" data-col-size=\"md\">Kamin na pelet sa vodenim izmenjiva\u010dem (hydro)<\/td>\n<\/tr>\n<tr data-start=\"1089\" data-end=\"1139\">\n<td data-start=\"1089\" data-end=\"1125\" data-col-size=\"sm\"><strong data-start=\"1091\" data-end=\"1124\">Kapacitet rezervoara za pelet<\/strong><\/td>\n<td data-start=\"1125\" data-end=\"1139\" data-col-size=\"md\">45 kg<\/td>\n<\/tr>\n<tr data-start=\"1140\" data-end=\"1181\">\n<td data-start=\"1140\" data-end=\"1163\" data-col-size=\"sm\"><strong data-start=\"1142\" data-end=\"1162\">Potro\u0161nja peleta<\/strong><\/td>\n<td data-start=\"1163\" data-end=\"1181\" data-col-size=\"md\">2,03\/4,53 kg\/h<\/td>\n<\/tr>\n<tr data-start=\"1182\" data-end=\"1238\">\n<td data-start=\"1182\" data-end=\"1219\" data-col-size=\"sm\"><strong data-start=\"1184\" data-end=\"1218\">Zapremina prostora za grejanje<\/strong><\/td>\n<td data-start=\"1219\" data-end=\"1238\" data-col-size=\"md\">225-375 m3 \/ 86-144 m2<\/td>\n<\/tr>\n<tr data-start=\"1239\" data-end=\"1273\">\n<td data-start=\"1239\" data-end=\"1262\" data-col-size=\"sm\"><strong data-start=\"1241\" data-end=\"1261\">Pre\u010dnik dimnjaka<\/strong><\/td>\n<td data-start=\"1262\" data-end=\"1273\" data-col-size=\"md\">\u00d8 80 mm<\/td>\n<\/tr>\n<tr data-start=\"1274\" data-end=\"1309\">\n<td data-start=\"1274\" data-end=\"1295\" data-col-size=\"sm\"><strong data-start=\"1276\" data-end=\"1294\">Radni pritisak<\/strong><\/td>\n<td data-start=\"1295\" data-end=\"1309\" data-col-size=\"md\">do 2,5 bar<\/td>\n<\/tr>\n<tr data-start=\"1310\" data-end=\"1343\">\n<td data-start=\"1310\" data-end=\"1326\" data-col-size=\"sm\"><strong data-start=\"1312\" data-end=\"1325\">Napajanje<\/strong><\/td>\n<td data-start=\"1326\" data-end=\"1343\" data-col-size=\"md\">230 V \/ 50 Hz<\/td>\n<\/tr>\n<tr data-start=\"1344\" data-end=\"1371\">\n<td data-start=\"1344\" data-end=\"1357\" data-col-size=\"sm\"><strong data-start=\"1346\" data-end=\"1356\">Te\u017eina neto\/bruto<\/strong><\/td>\n<td data-start=\"1357\" data-end=\"1371\" data-col-size=\"md\">196 kg \/ 225 kg<\/td>\n<\/tr>\n<tr data-start=\"1372\" data-end=\"1433\">\n<td data-start=\"1372\" data-end=\"1400\" data-col-size=\"sm\"><strong data-start=\"1374\" data-end=\"1399\">Dimenzije (\u0160 \u00d7 D \u00d7 V)<\/strong><\/td>\n<td data-start=\"1400\" data-end=\"1433\" data-col-size=\"md\">574 \u00d7 620 \u00d7 1225 mm<\/td>\n<\/tr>\n<tr data-start=\"1434\" data-end=\"1464\">\n<td data-start=\"1434\" data-end=\"1458\" data-col-size=\"sm\"><strong data-start=\"1436\" data-end=\"1457\">Energetski razred<\/strong><\/td>\n<td data-start=\"1458\" data-end=\"1464\" data-col-size=\"md\">A++<\/td>\n<\/tr>\n<tr data-start=\"1465\" data-end=\"1493\">\n<td data-start=\"1465\" data-end=\"1481\" data-col-size=\"sm\"><strong data-start=\"1467\" data-end=\"1480\">Garancija<\/strong><\/td>\n<td data-start=\"1481\" data-end=\"1493\" data-col-size=\"md\">5 godina<\/td>\n<\/tr>\n<\/tbody>\n<\/table>\n<\/div>\n<\/div>\n<h3 data-start=\"1569\" data-end=\"1614\"><strong data-start=\"1572\" data-end=\"1614\">\u041f\u0440\u0435\u0438\u043c\u0443\u0449\u0435\u0441\u0442\u0432\u0430<\/strong><\/h3>\n<ul>\n<li data-start=\"1618\" data-end=\"1730\">Automatski rad \u2013 paljenje, regulacija temperature i doziranje peleta putem elektronske kontrolne jedinice.<\/li>\n<li data-start=\"1733\" data-end=\"1817\">Visoka efikasnost (92 %) \u2013 optimalno iskori\u0161\u0107enje goriva uz minimalne emisije.<\/li>\n<li data-start=\"1820\" data-end=\"1916\">Hydro sistem \u2013 greje vodu za radijatore ili podno grejanje, \u010dime zamenjuje klasi\u010dan kotao.<\/li>\n<li data-start=\"1919\" data-end=\"2015\">Moderan dizajn \u2013 elegantna staklena vrata i kompaktne dimenzije pogodne za dnevni boravak.<\/li>\n<li data-start=\"2018\" data-end=\"2081\">Jednostavno odr\u017eavanje \u2013 lako \u010di\u0161\u0107enje i pristup lo\u017ei\u0161tu.<\/li>\n<li data-start=\"2084\" data-end=\"2169\">Tih rad i dug vek trajanja \u2013 visok kvalitet ventilatora i \u010deli\u010dne konstrukcije.<\/li>\n<li>Sve komponente neophodne za funkcionisanje sistema (ekspanzioni sud, vodna pumpa, sigurnosni i ozra\u010dni ventil) fabri\u010dki ugra\u0111ene u proizvod.<\/li>\n<li>Lo\u017ei\u0161te izra\u0111eno od specijalnog liva, a kotao od namenskog kotlovskog lima.<\/li>\n<li>Postoji mogu\u0107nost rada na 5 nivoa snage, i nedeljno programiranje rada kotla.<\/li>\n<li>Veliko, kerami\u010dko staklo na vratima lo\u017ei\u0161ta otporno na 700\u00b0 C i vidljiv plamen koji dodatno unosi toplinu u Va\u0161 dom.<\/li>\n<li>Mogu\u0107nost ugradnje ure\u0111aja za daljinsko upravljanje pomo\u0107u smartphone aplikacije i WiFi modema.<\/li>\n<li>Ugra\u0111eni sigurnosni termostati onemogu\u0107avaju pregrevanje vode u kotlu i samozapaljenje pe\u0107i.<\/li>\n<li>Koli\u010dina vode u kotlu 32 l.<\/li>\n<li>Garancija 5 godina<\/li>\n<\/ul>\n<h3 data-start=\"2592\" data-end=\"2635\"><strong data-start=\"2595\" data-end=\"2635\">Za\u0161to kupiti Alfa Plam Commo 22,5 kW?<\/strong><\/h3>\n<p data-start=\"2637\" data-end=\"2999\">Kupovinom ovog modela dobijate pouzdan i kompletan sistem centralnog grejanja na pelet. Model Commo 22,5 kW nudi visoku snagu, veliki rezervoar i potpuno automatizovan rad \u2013 savr\u0161enu kombinaciju snage i komfora. Uz provereni kvalitet Alfa Plam brenda, ovaj kamin predstavlja dugoro\u010dnu investiciju u udobnost, energetsku efikasnost i u\u0161tedu.<\/p>","protected":false},"excerpt":{"rendered":"<p>Model Commo 22,5 kW nudi visoku snagu, veliki rezervoar i potpuno automatizovan rad \u2013 savr\u0161enu kombinaciju snage i komfora. Uz provereni kvalitet Alfa Plam brenda, ovaj kamin predstavlja dugoro\u010dnu investiciju u udobnost, energetsku efikasnost i u\u0161tedu.<\/p>","protected":false},"featured_media":16809,"template":"","meta":{"_seopress_robots_primary_cat":"none","_seopress_titles_title":"","_seopress_titles_desc":"Kamin na pelet Alfa Plam Commo 22,5 kW \u2013 hydro kamin za centralno grejanje sa efikasno\u0161\u0107u do 92 %. Veliki rezervoar (45 kg), snaga 22,5 kW, automatski rad, EcoDesign standard, idealan za objekte do 350 m\u00b3.","_seopress_robots_index":""},"product_brand":[4202],"product_cat":[4208,4205],"product_tag":[],"class_list":{"0":"post-23391","1":"product","2":"type-product","3":"status-publish","4":"has-post-thumbnail","6":"product_brand-alfa-plam","7":"product_cat-kamini-na-pelet","8":"product_cat-kotlovi-i-kamini-na-pelet","10":"first","11":"instock","12":"shipping-taxable","13":"purchasable","14":"product-type-simple"},"_links":{"self":[{"href":"https:\/\/grejanjesrbija.com\/ru\/wp-json\/wp\/v2\/product\/23391","targetHints":{"allow":["GET"]}}],"collection":[{"href":"https:\/\/grejanjesrbija.com\/ru\/wp-json\/wp\/v2\/product"}],"about":[{"href":"https:\/\/grejanjesrbija.com\/ru\/wp-json\/wp\/v2\/types\/product"}],"wp:featuredmedia":[{"embeddable":true,"href":"https:\/\/grejanjesrbija.com\/ru\/wp-json\/wp\/v2\/media\/16809"}],"wp:attachment":[{"href":"https:\/\/grejanjesrbija.com\/ru\/wp-json\/wp\/v2\/media?parent=23391"}],"wp:term":[{"taxonomy":"product_brand","embeddable":true,"href":"https:\/\/grejanjesrbija.com\/ru\/wp-json\/wp\/v2\/product_brand?post=23391"},{"taxonomy":"product_cat","embeddable":true,"href":"https:\/\/grejanjesrbija.com\/ru\/wp-json\/wp\/v2\/product_cat?post=23391"},{"taxonomy":"product_tag","embeddable":true,"href":"https:\/\/grejanjesrbija.com\/ru\/wp-json\/wp\/v2\/product_tag?post=23391"}],"curies":[{"name":"wp","href":"https:\/\/api.w.org\/{rel}","templated":true}]}}