{"id":23431,"date":"2025-10-30T10:18:01","date_gmt":"2025-10-30T09:18:01","guid":{"rendered":"https:\/\/grejanjesrbija.com\/?post_type=product&#038;p=23431"},"modified":"2026-04-02T13:42:31","modified_gmt":"2026-04-02T11:42:31","slug":"kamin-na-pelet-termomont-toby-h20","status":"publish","type":"product","link":"https:\/\/grejanjesrbija.com\/ru\/proizvod\/kamin-na-pelet-termomont-toby-h20\/","title":{"rendered":"Kamin na pelet Termomont Toby H20"},"content":{"rendered":"<h2 data-start=\"83\" data-end=\"136\"><strong>Kamin na pelet Termomont Toby &#8211; H20\u00a0<\/strong><\/h2>\n<p data-start=\"138\" data-end=\"439\">Termomont Toby H20 je eta\u017ena pe\u0107-kamin na pelet sa hidro re\u017eimom (mo\u017ee predavati toplotu vodi \/ centralnom grejanju), dizajnirana za ugradnju unutar stambenog prostora. Ugra\u0111eni su elementi kao \u0161to su cirkulaciona pumpa, ekspanziona posuda i sigurnosni ventil, \u0161to olak\u0161ava monta\u017eu bez dodatne opreme.<\/p>\n<p data-start=\"441\" data-end=\"642\">\u041e\u043d \u0440\u0430\u0431\u043e\u0442\u0430\u0435\u0442 \u0441 \u0430\u0432\u0442\u043e\u043c\u0430\u0442\u0438\u0447\u0435\u0441\u043a\u0438\u043c \u0437\u0430\u0436\u0438\u0433\u0430\u043d\u0438\u0435\u043c, \u043e\u0447\u0438\u0441\u0442\u043a\u043e\u0439 \u043a\u0430\u043c\u0435\u0440\u044b \u0441\u0433\u043e\u0440\u0430\u043d\u0438\u044f \u0438 \u043c\u043e\u0434\u0443\u043b\u044f\u0446\u0438\u0435\u0439 \u0441\u0433\u043e\u0440\u0430\u043d\u0438\u044f \u2014 \u043f\u043e\u0434\u0445\u043e\u0434\u0438\u0442 \u0434\u043b\u044f \u0441\u043e\u0432\u0440\u0435\u043c\u0435\u043d\u043d\u044b\u0445 \u0441\u0438\u0441\u0442\u0435\u043c \u043e\u0442\u043e\u043f\u043b\u0435\u043d\u0438\u044f \u0441 \u043f\u043e\u0434\u0434\u0435\u0440\u0436\u043a\u043e\u0439 \u0442\u0435\u0440\u043c\u043e\u0441\u0442\u0430\u0442\u043e\u0432 \u0438 \u0446\u0438\u0444\u0440\u043e\u0432\u043e\u0433\u043e \u0443\u043f\u0440\u0430\u0432\u043b\u0435\u043d\u0438\u044f. \u0421\u043e\u043e\u0442\u0432\u0435\u0442\u0441\u0442\u0432\u0443\u0435\u0442 \u0441\u0430\u043c\u044b\u043c \u0432\u044b\u0441\u043e\u043a\u0438\u043c \u0441\u0442\u0430\u043d\u0434\u0430\u0440\u0442\u0430\u043c \u044d\u043d\u0435\u0440\u0433\u043e\u044d\u0444\u0444\u0435\u043a\u0442\u0438\u0432\u043d\u043e\u0441\u0442\u0438 A++.<\/p>\n<h3 data-start=\"716\" data-end=\"742\"><strong>\u0422\u0435\u0445\u043d\u0438\u0447\u0435\u0441\u043a\u0438\u0435 \u0445\u0430\u0440\u0430\u043a\u0442\u0435\u0440\u0438\u0441\u0442\u0438\u043a\u0438<\/strong><\/h3>\n<ul>\n<li data-start=\"746\" data-end=\"808\">Nazivna snaga: 20,3 kW<\/li>\n<li data-start=\"900\" data-end=\"981\">Snaga predaje vodi (hidro re\u017eim): 16,5 kW<\/li>\n<li data-start=\"1081\" data-end=\"1171\">Preporu\u010dena grejna povr\u0161ina (procena): do ~ 125 m\u00b2<\/li>\n<li data-start=\"1174\" data-end=\"1248\">Potro\u0161nja peleta minimum\/maksimum: 1,5 kg\/h \/ 5,1 kg\/h<\/li>\n<li data-start=\"1329\" data-end=\"1426\">Dimenzije (\u0161irina \u00d7 visina \u00d7 dubina): 580 \u00d7 1080 \u00d7 820 mm<\/li>\n<li data-start=\"1509\" data-end=\"1569\">Te\u017eina: 224 kg<\/li>\n<li data-start=\"1572\" data-end=\"1650\">Kapacitet rezervoara za pelet: 15 kg<\/li>\n<li data-start=\"1653\" data-end=\"1743\">\u0414\u0438\u0430\u043c\u0435\u0442\u0440 \u0434\u044b\u043c\u043e\u0445\u043e\u0434\u043d\u043e\u0439 \u0442\u0440\u0443\u0431\u044b\/\u043e\u0442\u0432\u043e\u0434\u044f\u0449\u0435\u0433\u043e \u043f\u0430\u0442\u0440\u0443\u0431\u043a\u0430 \u0434\u043b\u044f \u0434\u044b\u043c\u043e\u0432\u044b\u0445 \u0433\u0430\u0437\u043e\u0432: \u00d8 80 \u043c\u043c<\/li>\n<li data-start=\"1746\" data-end=\"1827\">\u041c\u0430\u043a\u0441\u0438\u043c\u0430\u043b\u044c\u043d\u043e\u0435 \u0440\u0430\u0431\u043e\u0447\u0435\u0435 \u0434\u0430\u0432\u043b\u0435\u043d\u0438\u0435 \u0432\u043e\u0434\u044b: 2,5 \u0431\u0430\u0440.<\/li>\n<li data-start=\"1830\" data-end=\"1914\">Zapremina vode u kotlu (hidro-pla\u0161t): 29 l<\/li>\n<li data-start=\"2094\" data-end=\"2174\">\u042d\u0444\u0444\u0435\u043a\u0442\u0438\u0432\u043d\u043e\u0441\u0442\u044c\/\u043a\u043e\u044d\u0444\u0444\u0438\u0446\u0438\u0435\u043d\u0442 \u0438\u0441\u043f\u043e\u043b\u044c\u0437\u043e\u0432\u0430\u043d\u0438\u044f: 92%<\/li>\n<\/ul>\n<h3 data-start=\"2181\" data-end=\"2227\"><strong>\u041f\u0440\u0435\u0438\u043c\u0443\u0449\u0435\u0441\u0442\u0432\u0430\u00a0<\/strong><\/h3>\n<ul>\n<li data-start=\"2231\" data-end=\"2350\">Hydro re\u017eim \/ centralno grejanje \u2013 omogu\u0107ava grejanje preko radijatora ili sistema vode, a ne samo vazduhom.<\/li>\n<li data-start=\"2353\" data-end=\"2453\">\u0410\u0432\u0442\u043e\u043c\u0430\u0442\u0438\u0447\u0435\u0441\u043a\u0430\u044f \u043e\u0447\u0438\u0441\u0442\u043a\u0430 \u0442\u043e\u043f\u043a\u0438 (\u00ab\u0441\u0430\u043c\u043e\u043e\u0447\u0438\u0449\u0430\u044e\u0449\u0430\u044f\u0441\u044f\u00bb) \u0441\u043d\u0438\u0436\u0430\u0435\u0442 \u043d\u0435\u043e\u0431\u0445\u043e\u0434\u0438\u043c\u043e\u0441\u0442\u044c \u0432 \u0440\u0443\u0447\u043d\u043e\u0439 \u043e\u0447\u0438\u0441\u0442\u043a\u0435 \u0438 \u0442\u0435\u0445\u043d\u0438\u0447\u0435\u0441\u043a\u043e\u043c \u043e\u0431\u0441\u043b\u0443\u0436\u0438\u0432\u0430\u043d\u0438\u0438.<\/li>\n<li data-start=\"2456\" data-end=\"2557\">\u041c\u043e\u0434\u0443\u043b\u044f\u0446\u0438\u044f \u0438 \u0430\u0432\u0442\u043e\u043c\u0430\u0442\u0438\u0447\u0435\u0441\u043a\u043e\u0435 \u0440\u0435\u0433\u0443\u043b\u0438\u0440\u043e\u0432\u0430\u043d\u0438\u0435 \u043f\u0440\u043e\u0446\u0435\u0441\u0441\u0430 \u0441\u0433\u043e\u0440\u0430\u043d\u0438\u044f \u0441\u043d\u0438\u0436\u0430\u044e\u0442 \u0440\u0430\u0441\u0445\u043e\u0434 \u043f\u0435\u043b\u043b\u0435\u0442 \u0438 \u043f\u043e\u0432\u044b\u0448\u0430\u044e\u0442 \u043a\u043e\u043c\u0444\u043e\u0440\u0442.<\/li>\n<li data-start=\"2560\" data-end=\"2658\">\u0426\u0438\u0444\u0440\u043e\u0432\u0430\u044f \u044d\u043b\u0435\u043a\u0442\u0440\u043e\u043d\u0438\u043a\u0430 \/ \u0434\u0438\u0441\u043f\u043b\u0435\u0439 \u0438 \u043f\u043e\u0434\u0434\u0435\u0440\u0436\u043a\u0430 \u043a\u043e\u043c\u043d\u0430\u0442\u043d\u043e\u0433\u043e \u0442\u0435\u0440\u043c\u043e\u0441\u0442\u0430\u0442\u0430, \u0430 \u0442\u0430\u043a\u0436\u0435 \u0432\u043e\u0437\u043c\u043e\u0436\u043d\u043e\u0441\u0442\u044c \u0443\u043f\u0440\u0430\u0432\u043b\u0435\u043d\u0438\u044f \u043f\u043e Wi-Fi.<\/li>\n<li data-start=\"2661\" data-end=\"2775\">\u0412\u0441\u0442\u0440\u043e\u0435\u043d\u043d\u044b\u0439 \u043d\u0430\u0441\u043e\u0441, \u0440\u0430\u0441\u0448\u0438\u0440\u0438\u0442\u0435\u043b\u044c\u043d\u044b\u0439 \u0431\u0430\u043a \u0438 \u043f\u0440\u0435\u0434\u043e\u0445\u0440\u0430\u043d\u0438\u0442\u0435\u043b\u044c\u043d\u044b\u0439 \u043a\u043b\u0430\u043f\u0430\u043d \u2013 \u0433\u043e\u0442\u043e\u0432\u044b \u043a \u0443\u0441\u0442\u0430\u043d\u043e\u0432\u043a\u0435 \u0431\u0435\u0437 \u0434\u043e\u043f\u043e\u043b\u043d\u0438\u0442\u0435\u043b\u044c\u043d\u044b\u0445 \u043a\u043e\u043c\u043f\u043e\u043d\u0435\u043d\u0442\u043e\u0432.<\/li>\n<li data-start=\"2778\" data-end=\"2909\">\u0421\u043e\u0447\u0435\u0442\u0430\u043d\u0438\u0435 \u0438\u0437\u043b\u0443\u0447\u0435\u043d\u0438\u044f \u0438 \u0442\u0435\u043f\u043b\u043e\u043f\u0435\u0440\u0435\u0434\u0430\u0447\u0438 \u043a \u0432\u043e\u0434\u0435 \u2014 \u0443\u0441\u0442\u0440\u043e\u0439\u0441\u0442\u0432\u043e \u043e\u0431\u0435\u0441\u043f\u0435\u0447\u0438\u0432\u0430\u0435\u0442 \u043e\u0431\u043e\u0433\u0440\u0435\u0432 \u043f\u043e\u043c\u0435\u0449\u0435\u043d\u0438\u044f \u043d\u0430\u043f\u0440\u044f\u043c\u0443\u044e \u0438 \u0447\u0435\u0440\u0435\u0437 \u043f\u043e\u0434\u043a\u043b\u044e\u0447\u0435\u043d\u043d\u0443\u044e \u0441\u0438\u0441\u0442\u0435\u043c\u0443 (\u0440\u0430\u0434\u0438\u0430\u0442\u043e\u0440\u044b).<\/li>\n<li data-start=\"2912\" data-end=\"3033\">\u041e\u0442\u043d\u043e\u0441\u0438\u0442\u0435\u043b\u044c\u043d\u043e \u043a\u043e\u043c\u043f\u0430\u043a\u0442\u043d\u044b\u0435 \u0440\u0430\u0437\u043c\u0435\u0440\u044b \u0438 \u0441\u043e\u0432\u0440\u0435\u043c\u0435\u043d\u043d\u044b\u0439 \u044d\u0441\u0442\u0435\u0442\u0438\u0447\u043d\u044b\u0439 \u0432\u043d\u0435\u0448\u043d\u0438\u0439 \u0432\u0438\u0434 \u2013 \u043f\u043e\u0434\u0445\u043e\u0434\u0438\u0442 \u0434\u043b\u044f \u0443\u0441\u0442\u0430\u043d\u043e\u0432\u043a\u0438 \u0432 \u043f\u043e\u043c\u0435\u0449\u0435\u043d\u0438\u0438 \u0441 \u043a\u0430\u0447\u0435\u0441\u0442\u0432\u0435\u043d\u043d\u043e\u0439 \u043e\u0442\u0434\u0435\u043b\u043a\u043e\u0439.<\/li>\n<li data-start=\"2912\" data-end=\"3033\">\u0414\u0432\u0435\u0440\u0446\u0430 \u043a\u043e\u0442\u043b\u0430 \u0438 \u043a\u043e\u043b\u043e\u0441\u043d\u0438\u043a\u043e\u0432\u0430\u044f \u0440\u0435\u0448\u0435\u0442\u043a\u0430 \u043e\u0442\u043b\u0438\u0442\u044b \u0438\u0437 \u0447\u0443\u0433\u0443\u043d\u0430.<\/li>\n<li data-start=\"2912\" data-end=\"3033\">\u0412\u0441\u0435 \u0440\u0430\u0431\u043e\u0447\u0438\u0435 \u043f\u0440\u043e\u0446\u0435\u0441\u0441\u044b \u0430\u0432\u0442\u043e\u043c\u0430\u0442\u0438\u0437\u0438\u0440\u043e\u0432\u0430\u043d\u044b (\u0437\u0430\u0436\u0438\u0433\u0430\u043d\u0438\u0435, \u0441\u0433\u043e\u0440\u0430\u043d\u0438\u0435, \u043e\u0442\u043a\u043b\u044e\u0447\u0435\u043d\u0438\u0435 \u0433\u043e\u0440\u0435\u043b\u043a\u0438, \u0430\u0432\u0442\u043e\u043c\u0430\u0442\u0438\u0447\u0435\u0441\u043a\u0430\u044f \u043e\u0447\u0438\u0441\u0442\u043a\u0430).<\/li>\n<li data-start=\"2912\" data-end=\"3033\">\u042d\u043d\u0435\u0440\u0433\u043e\u044d\u0444\u0444\u0435\u043a\u0442\u0438\u0432\u043d\u043e\u0441\u0442\u044c A++.<\/li>\n<li data-start=\"2912\" data-end=\"3033\">\u0413\u0430\u0440\u0430\u043d\u0442\u0438\u044f \u043e\u0442 \u043f\u0440\u043e\u0442\u0435\u0447\u0435\u043a \u043d\u0430 5 \u043b\u0435\u0442.<\/li>\n<\/ul>\n<h3 data-start=\"3079\" data-end=\"3115\"><strong>Za\u0161to kupiti Termomont Toby H20?<\/strong><\/h3>\n<p data-start=\"3117\" data-end=\"3605\">Odabirom modela Toby H20 dobijate hidro-kamin \/ pe\u0107 sa modernim karakteristikama i automatizacijom, koji pru\u017ea pouzdan rad, natprose\u010dnu efikasnost i pogodnost za srednje objekata. Posebna prednost je \u0161to je u ure\u0111aju ve\u0107 integrisana pumpa i sigurnosni elementi, \u0161to smanjuje tro\u0161kove dodatne opreme i olak\u0161ava instalaciju. Tako\u0111e, dizajn je prilago\u0111en monta\u017ei unutar prostora (eta\u017eno \/ stambeno), uz automatsko \u010di\u0161\u0107enje lo\u017ei\u0161ta \u2014 \u0161to produ\u017eava sigurnost i ukuvava udobnost grejanja.<\/p>","protected":false},"excerpt":{"rendered":"<p>Odabirom modela Toby H20 dobijate hidro-kamin \/ pe\u0107 sa modernim karakteristikama i automatizacijom, koji pru\u017ea pouzdan rad, natprose\u010dnu efikasnost i pogodnost za srednje objekate. Posebna prednost je \u0161to je u ure\u0111aju ve\u0107 integrisana pumpa i sigurnosni elementi, \u0161to smanjuje tro\u0161kove dodatne opreme i olak\u0161ava instalaciju. Tako\u0111e, dizajn je prilago\u0111en monta\u017ei unutar prostora (eta\u017eno \/ stambeno), uz automatsko \u010di\u0161\u0107enje lo\u017ei\u0161ta \u2014 \u0161to produ\u017eava sigurnost i udobnost grejanja.<\/p>","protected":false},"featured_media":23421,"template":"","meta":{"_seopress_robots_primary_cat":"none","_seopress_titles_title":"","_seopress_titles_desc":"Termomont Toby H20 \u2013 hidro-pe\u0107 \/ kamin na pelet snage 20,6 kW sa automatskim \u010di\u0161\u0107enjem lo\u017ei\u0161ta, pumpom i modulacijom sagorevanja. Efikasnost 90 %, namenjena za grejanje do 125 m\u00b2.","_seopress_robots_index":""},"product_brand":[4195],"product_cat":[4208,4205],"product_tag":[],"class_list":{"0":"post-23431","1":"product","2":"type-product","3":"status-publish","4":"has-post-thumbnail","6":"product_brand-termomont","7":"product_cat-kotlovi-i-kamini-na-pelet-kotlovi-i-kamini-na-pelet","8":"product_cat-kotlovi-i-kamini-na-pelet","10":"first","11":"instock","12":"shipping-taxable","13":"purchasable","14":"product-type-simple"},"_links":{"self":[{"href":"https:\/\/grejanjesrbija.com\/ru\/wp-json\/wp\/v2\/product\/23431","targetHints":{"allow":["GET"]}}],"collection":[{"href":"https:\/\/grejanjesrbija.com\/ru\/wp-json\/wp\/v2\/product"}],"about":[{"href":"https:\/\/grejanjesrbija.com\/ru\/wp-json\/wp\/v2\/types\/product"}],"wp:featuredmedia":[{"embeddable":true,"href":"https:\/\/grejanjesrbija.com\/ru\/wp-json\/wp\/v2\/media\/23421"}],"wp:attachment":[{"href":"https:\/\/grejanjesrbija.com\/ru\/wp-json\/wp\/v2\/media?parent=23431"}],"wp:term":[{"taxonomy":"product_brand","embeddable":true,"href":"https:\/\/grejanjesrbija.com\/ru\/wp-json\/wp\/v2\/product_brand?post=23431"},{"taxonomy":"product_cat","embeddable":true,"href":"https:\/\/grejanjesrbija.com\/ru\/wp-json\/wp\/v2\/product_cat?post=23431"},{"taxonomy":"product_tag","embeddable":true,"href":"https:\/\/grejanjesrbija.com\/ru\/wp-json\/wp\/v2\/product_tag?post=23431"}],"curies":[{"name":"wp","href":"https:\/\/api.w.org\/{rel}","templated":true}]}}