{"id":23450,"date":"2025-10-30T12:06:21","date_gmt":"2025-10-30T11:06:21","guid":{"rendered":"https:\/\/grejanjesrbija.com\/?post_type=product&#038;p=23450"},"modified":"2025-12-13T09:28:23","modified_gmt":"2025-12-13T08:28:23","slug":"kamin-na-pelet-radijator-kraljevo-biolux-20kw","status":"publish","type":"product","link":"https:\/\/grejanjesrbija.com\/ru\/proizvod\/kamin-na-pelet-radijator-kraljevo-biolux-20kw\/","title":{"rendered":"\u041f\u0435\u043b\u043b\u0435\u0442\u043d\u044b\u0439 \u043a\u0430\u043c\u0438\u043d \u0420\u0430\u0434\u0438\u0430\u0442\u043e\u0440 Kraljevo BioLux 20\u043a\u0412\u0442"},"content":{"rendered":"<h2 data-start=\"90\" data-end=\"158\"><strong>Kamin na pelet Radijator Kraljevo BioLux &#8211; 20 kW\u00a0<\/strong><\/h2>\n<p data-start=\"159\" data-end=\"485\">Kamin \/ pe\u0107 na pelet <strong data-start=\"180\" data-end=\"215\">Radijator Kraljevo BioLux 20 kW<\/strong> je ure\u0111aj sa hidro re\u017eimom (grejanje preko vode \/ radijatora) koji je namenjen instalaciji unutar stambenog prostora, bez potrebe za zasebnom kotlarnicom. Pokriva grejni sistem i poseduje integrisanu pumpu i za\u0161titne elemente, uz moderan dizajn i automatsku regulaciju. U samom telu kamina se nalazi ve\u0107 instalirana ekspanziona posuda od 10 litara, cirkulaciona pumpa, sigurnosni i odzra\u010dni ventil, presostat dimnih gasova i oprema za poluatomatsko \u010di\u0161\u0107enje.<\/p>\n<h3 data-start=\"473\" data-end=\"501\"><strong>\u0422\u0435\u0445\u043d\u0438\u0447\u0435\u0441\u043a\u0438\u0435 \u0445\u0430\u0440\u0430\u043a\u0442\u0435\u0440\u0438\u0441\u0442\u0438\u043a\u0438<\/strong><\/h3>\n<ul>\n<li data-start=\"505\" data-end=\"598\">Snaga : 20 kW<\/li>\n<li data-start=\"505\" data-end=\"598\">Snaga u radijatorima: 18,2 kW<\/li>\n<li data-start=\"601\" data-end=\"699\">Snaga u zra\u010denju: 1,4 kW<\/li>\n<li data-start=\"601\" data-end=\"699\">Grejna prostorija:\u00a0 70-140 m\u00b2 (u zavisnosti od izolacije)<\/li>\n<li data-start=\"794\" data-end=\"876\">Zapremina vode u kotlu (hidro-pla\u0161t): 50 l<\/li>\n<li data-start=\"964\" data-end=\"1042\">Dimenzije ure\u0111aja: 620 \u00d7 740 \u00d7 1260 mm<\/li>\n<li data-start=\"1045\" data-end=\"1107\">Te\u017eina ure\u0111aja: 228 kg<\/li>\n<li data-start=\"1258\" data-end=\"1329\">Stepen iskori\u0161\u0107enja: ve\u0107i od 93 %<\/li>\n<li>Garancija: 5 godina na curenje<\/li>\n<\/ul>\n<h3 data-start=\"1445\" data-end=\"1486\"><strong>\u041f\u0440\u0435\u0438\u043c\u0443\u0449\u0435\u0441\u0442\u0432\u0430\u00a0<\/strong><\/h3>\n<ul>\n<li data-start=\"1490\" data-end=\"1583\">Kombinovani re\u017eim grejanja: predaje toplotu vodi (hidro re\u017eim) i greje prostor zra\u010denjem.<\/li>\n<li data-start=\"1586\" data-end=\"1730\">Integrisane komponente: pumpa, ekspanziona posuda, presostati, \u0161to olak\u0161ava monta\u017eu u sistem grejanja.<\/li>\n<li data-start=\"1733\" data-end=\"1827\">Visok stepen iskori\u0161\u0107enja (preko 93 %) \u0161to zna\u010di ekonomi\u010dan rad i smanjenu potro\u0161nju peleta.<\/li>\n<li data-start=\"1830\" data-end=\"1928\">Garancija od 5 godina \u2013 pove\u0107ana sigurnost za korisnika.<\/li>\n<li data-start=\"1931\" data-end=\"2037\">Kompaktan dizajn (dimenzije i te\u017eina) koji omogu\u0107ava ugradnju u stambeni prostor bez posebne kotlarnice.<\/li>\n<\/ul>\n<h3 data-start=\"2719\" data-end=\"2768\"><strong>Za\u0161to kupiti Radijator Kraljevo BioLux 20 kW?<\/strong><\/h3>\n<p data-start=\"2770\" data-end=\"3161\">Odabirom modela BioLux 20 kW dobijate pouzdan i efikasan pelet-kamin \/ pe\u0107 koji kombinuje dve funkcije: grejanje vode u sistemu (hidro re\u017eim) i grejanje prostora (zra\u010denje). Njegove karakteristike \u2013 visok kapacitet rezervoara, garancija, kvalitetna izrada i efikasnost \u2013 \u010dine ga prakti\u010dnim izborom za korisnika koji \u017eeli jednostavan ali punopravan ure\u0111aj za centralno grejanje peletom.<\/p>","protected":false},"excerpt":{"rendered":"<p>Odabirom modela BioLux 20 kW dobijate pouzdan i efikasan pelet-kamin \/ pe\u0107 koji kombinuje dve funkcije: grejanje vode u sistemu (hidro re\u017eim) i grejanje prostora (zra\u010denje). Njegove karakteristike \u2013 visok kapacitet rezervoara, garancija, kvalitetna izrada i efikasnost \u2013 \u010dine ga prakti\u010dnim izborom za korisnika koji \u017eeli jednostavan ali punopravan ure\u0111aj za centralno grejanje peletom.<\/p>","protected":false},"featured_media":23446,"template":"","meta":{"_seopress_robots_primary_cat":"none","_seopress_titles_title":"","_seopress_titles_desc":"Radijator Kraljevo BioLux 20 kW \u2013 hidro-pe\u0107 \/ kamin na pelet sa snagom 20 kW, kapacitetom rezervoara 40-50 kg, efikasno\u0161\u0107u preko 91 % i preporu\u010denim prostorom 70-140 m\u00b2.","_seopress_robots_index":""},"product_brand":[4197],"product_cat":[4208,4205],"product_tag":[],"class_list":{"0":"post-23450","1":"product","2":"type-product","3":"status-publish","4":"has-post-thumbnail","6":"product_brand-radijator-kraljevo","7":"product_cat-kotlovi-i-kamini-na-pelet-kotlovi-i-kamini-na-pelet","8":"product_cat-kotlovi-i-kamini-na-pelet","10":"first","11":"instock","12":"shipping-taxable","13":"purchasable","14":"product-type-simple"},"_links":{"self":[{"href":"https:\/\/grejanjesrbija.com\/ru\/wp-json\/wp\/v2\/product\/23450","targetHints":{"allow":["GET"]}}],"collection":[{"href":"https:\/\/grejanjesrbija.com\/ru\/wp-json\/wp\/v2\/product"}],"about":[{"href":"https:\/\/grejanjesrbija.com\/ru\/wp-json\/wp\/v2\/types\/product"}],"wp:featuredmedia":[{"embeddable":true,"href":"https:\/\/grejanjesrbija.com\/ru\/wp-json\/wp\/v2\/media\/23446"}],"wp:attachment":[{"href":"https:\/\/grejanjesrbija.com\/ru\/wp-json\/wp\/v2\/media?parent=23450"}],"wp:term":[{"taxonomy":"product_brand","embeddable":true,"href":"https:\/\/grejanjesrbija.com\/ru\/wp-json\/wp\/v2\/product_brand?post=23450"},{"taxonomy":"product_cat","embeddable":true,"href":"https:\/\/grejanjesrbija.com\/ru\/wp-json\/wp\/v2\/product_cat?post=23450"},{"taxonomy":"product_tag","embeddable":true,"href":"https:\/\/grejanjesrbija.com\/ru\/wp-json\/wp\/v2\/product_tag?post=23450"}],"curies":[{"name":"wp","href":"https:\/\/api.w.org\/{rel}","templated":true}]}}