{"id":23572,"date":"2025-10-31T09:57:52","date_gmt":"2025-10-31T08:57:52","guid":{"rendered":"https:\/\/grejanjesrbija.com\/?post_type=product&#038;p=23572"},"modified":"2025-12-15T15:06:49","modified_gmt":"2025-12-15T14:06:49","slug":"kotao-na-pelet-alfa-plam-commo-compact-37kw","status":"publish","type":"product","link":"https:\/\/grejanjesrbija.com\/ru\/proizvod\/kotao-na-pelet-alfa-plam-commo-compact-37kw\/","title":{"rendered":"Kotao na pelet Alfa plam Commo Compact 37kW"},"content":{"rendered":"<h2 data-start=\"74\" data-end=\"140\"><strong>Kotao na pelet Alfa Plam Commo Compact &#8211; 37 kW\u00a0<\/strong><\/h2>\n<p data-start=\"142\" data-end=\"465\">\u0410\u043b\u044c\u0444\u0430-\u043f\u044f\u0442\u043d\u0430 <strong>Commo Compact 37 kW<\/strong> je kotao na pelet za eta\u017eno \/ centralno grejanje sa automatskim \u010di\u0161\u0107enjem lo\u017ei\u0161ta (polu-automatsko \u010di\u0161\u0107enje) i moderno dizajniranim ku\u0107i\u0161tem. Namenjen je za objekte u kojima je potrebna pouzdana snaga, visok stepen automatizacije i minimalno odr\u017eavanje.<\/p>\n<p data-start=\"142\" data-end=\"465\">Zadovoljava najvi\u0161e standarde u energetskoj efikasnosti ( A+).<\/p>\n<h3 data-start=\"429\" data-end=\"457\"><strong>\u0422\u0435\u0445\u043d\u0438\u0447\u0435\u0441\u043a\u0438\u0435 \u0445\u0430\u0440\u0430\u043a\u0442\u0435\u0440\u0438\u0441\u0442\u0438\u043a\u0438<\/strong><\/h3>\n<ul>\n<li data-start=\"461\" data-end=\"517\">Snaga: 37 kW &#8211; 142-237 m2<\/li>\n<li data-start=\"590\" data-end=\"658\">Zapremina vode u kotlu: 68 l<\/li>\n<li data-start=\"661\" data-end=\"743\">Dimenzije (\u0160 \u00d7 D \u00d7 V): 676 \u00d7 830 \u00d7 1506 mm<\/li>\n<li data-start=\"746\" data-end=\"817\">Pre\u010dnik dimovodne cevi: \u00d8 100 mm<\/li>\n<li data-start=\"820\" data-end=\"906\">Potro\u0161nja peleta (min \/ max): 2,13 \/ 8,36 kg\/h<\/li>\n<li data-start=\"909\" data-end=\"985\">Kapacitet rezervoara za pelet: 70 kg<\/li>\n<li data-start=\"988\" data-end=\"1080\">Maksimalno vreme rada sa punim rezervoarom:\u00a0 33 h<\/li>\n<li data-start=\"1083\" data-end=\"1195\">Grejni volumen \/ pokrivanje prostora: 370-617 m3 ( Zavisi od izolacije )<\/li>\n<li data-start=\"1198\" data-end=\"1273\">Te\u017eina (neto \/ bruto): 360 \/ 380 kg<\/li>\n<li data-start=\"1276\" data-end=\"1342\">Stepen iskori\u0161\u0107enja: 90%<\/li>\n<\/ul>\n<h3 data-start=\"1415\" data-end=\"1465\"><strong>\u041f\u0440\u0435\u0438\u043c\u0443\u0449\u0435\u0441\u0442\u0432\u0430<\/strong><\/h3>\n<ul>\n<li data-start=\"1563\" data-end=\"1628\">Velika snaga pogodna za stambene objekte srednje-ve\u0107e veli\u010dine do 237 m2.<\/li>\n<li data-start=\"1563\" data-end=\"1628\">Potpuna automatizacija grejanja \u2013 kontrola temperature vode, za\u0161tita od pregrevanja.<\/li>\n<li>Relativno duga autonomija rada zahvaljuju\u0107i kapacitetu rezervoara od 70 kg peleta.<\/li>\n<li>Dobar stepen iskori\u0161\u0107enja goriva (90 %) i energetski razred A+ \u2013 ekonomski pristup grejanju.<\/li>\n<li>Termi\u010dka izolacija vrata lo\u017ei\u0161ta vermikulitom kao i dodatna termi\u010dka izolacija samog kotla mineralnom vunom smanjuje stepen\u00a0 odavanja toplote u prostoriji i pove\u0107ava stepen iskori\u0161\u0107enja goriva.<\/li>\n<li>Lo\u017ei\u0161te izra\u0111eno od specijalnog liva a kotao od namenskog kotlovskog lima.<\/li>\n<li>Sve komponente neophodne za funkcionisanje sistema (ekspanzioni sud, vodna pumpa, sigurnosni i ozra\u010dni ventil) fabri\u010dki ugra\u0111ene u proizvod.<\/li>\n<li>Nedeljno programiranje rada kotla.<\/li>\n<li>Mogu\u0107nost rada kotla na 5 nivoa snage.<\/li>\n<li>Mogu\u0107nost ugradnje ure\u0111aja za daljinsko upravljanje pomo\u0107u smartphone aplikacije i WiFi modema.<\/li>\n<li>Ugra\u0111eni sigurnosni termostati onemogu\u0107avaju pregrevanje vode u kotlu \u00a0i samozapaljenje pe\u0107i.<\/li>\n<li>Sistemi za \u010di\u0161\u0107enje koji dodatno olak\u0161avaju odr\u017eavanje pe\u0107i i omogu\u0107avaju pouzdano funkcionisanje.<\/li>\n<\/ul>\n<h3 data-start=\"2601\" data-end=\"2654\"><strong>Za\u0161to kupiti Kotao Alfa Plam Commo Compact 37 kW?<\/strong><\/h3>\n<p data-start=\"2656\" data-end=\"3074\">Ako izaberete ovaj model, dobijate mo\u0107an, automatizovan kotao na pelet sa odli\u010dnim performansama i visokim kapacitetom rezervoara. Sa snagom 37 kW, kapacitetom goriva 70 kg, i automatskim \u010di\u0161\u0107enjem lo\u017ei\u0161ta, on predstavlja pouzdano re\u0161enje za korisnike koji \u017eele dugotrajno, efikasno i relativno automatsko grejanje bez potrebe stalne intervencije. Tako\u0111e brend Alfa Plam ima servisnu mre\u017eu i podr\u0161ku u regionu.<\/p>","protected":false},"excerpt":{"rendered":"<p>Sa snagom 37 kW, kapacitetom goriva 70 kg, i automatskim \u010di\u0161\u0107enjem lo\u017ei\u0161ta, Alfa Plam Commo Compact 37 kW predstavlja pouzdano re\u0161enje za korisnike koji \u017eele dugotrajno, efikasno i relativno automatsko grejanje bez potrebe stalne intervencije.<\/p>","protected":false},"featured_media":16113,"template":"","meta":{"_seopress_robots_primary_cat":"none","_seopress_titles_title":"","_seopress_titles_desc":"Kotao na pelet Alfa Plam Commo Compact 37 kW \u2013 hidro kotao snage 37 kW, rezervoar peleta 70 kg, automatsko \u010di\u0161\u0107enje lo\u017ei\u0161ta, efikasnost A+, idealan za grejanje ve\u0107ih prostora.","_seopress_robots_index":""},"product_brand":[4202],"product_cat":[4205,4917],"product_tag":[],"class_list":{"0":"post-23572","1":"product","2":"type-product","3":"status-publish","4":"has-post-thumbnail","6":"product_brand-alfa-plam","7":"product_cat-kotlovi-i-kamini-na-pelet","8":"product_cat-kotlovi-na-pelet","10":"first","11":"instock","12":"shipping-taxable","13":"purchasable","14":"product-type-simple"},"_links":{"self":[{"href":"https:\/\/grejanjesrbija.com\/ru\/wp-json\/wp\/v2\/product\/23572","targetHints":{"allow":["GET"]}}],"collection":[{"href":"https:\/\/grejanjesrbija.com\/ru\/wp-json\/wp\/v2\/product"}],"about":[{"href":"https:\/\/grejanjesrbija.com\/ru\/wp-json\/wp\/v2\/types\/product"}],"wp:featuredmedia":[{"embeddable":true,"href":"https:\/\/grejanjesrbija.com\/ru\/wp-json\/wp\/v2\/media\/16113"}],"wp:attachment":[{"href":"https:\/\/grejanjesrbija.com\/ru\/wp-json\/wp\/v2\/media?parent=23572"}],"wp:term":[{"taxonomy":"product_brand","embeddable":true,"href":"https:\/\/grejanjesrbija.com\/ru\/wp-json\/wp\/v2\/product_brand?post=23572"},{"taxonomy":"product_cat","embeddable":true,"href":"https:\/\/grejanjesrbija.com\/ru\/wp-json\/wp\/v2\/product_cat?post=23572"},{"taxonomy":"product_tag","embeddable":true,"href":"https:\/\/grejanjesrbija.com\/ru\/wp-json\/wp\/v2\/product_tag?post=23572"}],"curies":[{"name":"wp","href":"https:\/\/api.w.org\/{rel}","templated":true}]}}