{"id":23742,"date":"2025-11-03T09:29:20","date_gmt":"2025-11-03T08:29:20","guid":{"rendered":"https:\/\/grejanjesrbija.com\/?post_type=product&#038;p=23742"},"modified":"2025-12-17T11:19:15","modified_gmt":"2025-12-17T10:19:15","slug":"set-na-pelet-centrometal-pel-tec-e-48kw","status":"publish","type":"product","link":"https:\/\/grejanjesrbija.com\/ru\/proizvod\/set-na-pelet-centrometal-pel-tec-e-48kw\/","title":{"rendered":"Set na pelet Centrometal Pel Tec E 48kW"},"content":{"rendered":"<h2 data-start=\"85\" data-end=\"146\"><strong>Kotao na pelet Centrometal PelTec E &#8211; 48 kW\u00a0<\/strong><\/h2>\n<p data-start=\"148\" data-end=\"593\">Centrometal PelTec E 48 kW je modularni hidrokotao na pelet visokog kapaciteta sa automatizacijom i moduliraju\u0107im radom. Namenjen je centralnom grejanju ve\u0107ih stambenih objekata, poslovnih prostora i sli\u010dnih instalacija kojima je potrebno stabilno grejanje uz visoke zahteve za performansama i efikasno\u0161\u0107u. Uklju\u010duje digitalnu regulaciju, automatsko \u010di\u0161\u0107enje, senzor nivoa goriva i za\u0161titu povratnog voda.<\/p>\n<h3 data-start=\"453\" data-end=\"479\"><strong>\u0422\u0435\u0445\u043d\u0438\u0447\u0435\u0441\u043a\u0438\u0435 \u0445\u0430\u0440\u0430\u043a\u0442\u0435\u0440\u0438\u0441\u0442\u0438\u043a\u0438<\/strong><\/h3>\n<ul>\n<li data-start=\"536\" data-end=\"600\">Nazivna snaga: 48 kW<\/li>\n<li data-start=\"603\" data-end=\"683\">Raspon snage: od oko 14,4 kW do 48 kW<\/li>\n<li data-start=\"603\" data-end=\"683\">Dimenzije (\u0160 x D x V): 1485 x 1175 x 1560 mm<\/li>\n<li data-start=\"771\" data-end=\"854\">Dimovodni priklju\u010dak (pre\u010dnik cevi): 150 mm<\/li>\n<li data-start=\"857\" data-end=\"931\">Maksimalna radna temperatura: 90 \u00b0C<\/li>\n<li data-start=\"934\" data-end=\"1007\">\u041c\u0430\u043a\u0441\u0438\u043c\u0430\u043b\u044c\u043d\u043e\u0435 \u0440\u0430\u0431\u043e\u0447\u0435\u0435 \u0434\u0430\u0432\u043b\u0435\u043d\u0438\u0435: 2,5 \u0431\u0430\u0440.<\/li>\n<li data-start=\"1010\" data-end=\"1160\">Spremnik peleta: 340 l<\/li>\n<li data-start=\"1163\" data-end=\"1231\">Zapremina vode u kotlu: 135 l<\/li>\n<li data-start=\"1163\" data-end=\"1231\">Masa kotla: 478 kg<\/li>\n<li data-start=\"1373\" data-end=\"1488\">Energetska klasa: A+<\/li>\n<\/ul>\n<h3 data-start=\"1495\" data-end=\"1529\"><strong>\u041f\u0440\u0435\u0438\u043c\u0443\u0449\u0435\u0441\u0442\u0432\u0430\u00a0<\/strong><\/h3>\n<ul>\n<li data-start=\"1533\" data-end=\"1664\">Moduliraju\u0107i re\u017eim rada koji omogu\u0107ava ekonomi\u010dniji rad pri manjim optere\u0107enjima (npr. pode\u0161avanje snage prema potrebi grejanja).<\/li>\n<li data-start=\"1667\" data-end=\"1775\">Automatsko \u010di\u0161\u0107enje re\u0161etke gorionika i dimovodnih prolaza \u2014 manje ru\u010dnog odr\u017eavanja, bolja dugoro\u010dna efikasnost i sa peletom lo\u0161ijeg kvaliteta.<\/li>\n<li data-start=\"1778\" data-end=\"1876\">Digitalna regulacija sa ekranom osetljivim na dodir \u2014 prakti\u010dno pode\u0161avanje i nadzor rada kotla.<\/li>\n<li data-start=\"1879\" data-end=\"1979\">Veoma visoka efikasnost \/ standard (klasa 5) \u0161to mo\u017ee biti va\u017eno za zakonske propise i subvencije.<\/li>\n<li>Integrisana za\u0161tita povratnog voda 4-krakim me\u0161nim ventilom za direktne sisteme grejanja \u0161to osigurava besprekoran rad kotla i kod ni\u017eih temperatura povrata.<\/li>\n<li>Pra\u017enjenje pepeljare nakon potro\u0161enih 2-3 rezervoara (400-600kg).<\/li>\n<li data-start=\"1982\" data-end=\"2097\">Ima ugra\u0111enu elektronsku moduliraju\u0107u pumpu kotla.<\/li>\n<li data-start=\"1982\" data-end=\"2097\">Garancija 5 godina.<\/li>\n<\/ul>\n<h3 data-start=\"2652\" data-end=\"2696\"><strong>Za\u0161to kupiti Centrometal PelTec E 48 kW?<\/strong><\/h3>\n<p data-start=\"2698\" data-end=\"3070\">Ako izaberete model PelTec E 48 kW dobijate sna\u017ean i moderan kotao na pelet sa modulacijom snage, velikim rezervoarom goriva, digitalnim upravlja\u010dkim sistemom i visokim standardima efikasnosti. Zahvaljuju\u0107i velikoj zapremini goriva i automatizaciji, ovaj kotao je pogodan za rad tokom du\u017eih perioda bez nadzora \u2014 \u0161to smanjuje tro\u0161kove odr\u017eavanja i pove\u0107ava udobnost.<\/p>","protected":false},"excerpt":{"rendered":"<p>Ako izaberete model PelTec E 48 kW dobijate sna\u017ean i moderan kotao na pelet sa modulacijom snage, velikim rezervoarom goriva, digitalnim upravlja\u010dkim sistemom i visokim standardima efikasnosti. Zahvaljuju\u0107i velikoj zapremini goriva i automatizaciji, ovaj kotao je pogodan za rad tokom du\u017eih perioda bez nadzora \u2014 \u0161to smanjuje tro\u0161kove odr\u017eavanja i pove\u0107ava udobnost.<\/p>","protected":false},"featured_media":16061,"template":"","meta":{"_seopress_robots_primary_cat":"none","_seopress_titles_title":"","_seopress_titles_desc":"Centrometal PelTec E 48 kW \u2013 hidrokotao na pelet sa moduliraju\u0107om snagom 14-48 kW, rezervoarom 340 l, hidro-zapreminom 135 l, digitalnom regulacijom i visokom efikasno\u0161\u0107u klase 5.","_seopress_robots_index":""},"product_brand":[4199],"product_cat":[4205,4917],"product_tag":[],"class_list":{"0":"post-23742","1":"product","2":"type-product","3":"status-publish","4":"has-post-thumbnail","6":"product_brand-centrometal","7":"product_cat-kotlovi-i-kamini-na-pelet","8":"product_cat-kotlovi-na-pelet","10":"first","11":"instock","12":"shipping-taxable","13":"purchasable","14":"product-type-simple"},"_links":{"self":[{"href":"https:\/\/grejanjesrbija.com\/ru\/wp-json\/wp\/v2\/product\/23742","targetHints":{"allow":["GET"]}}],"collection":[{"href":"https:\/\/grejanjesrbija.com\/ru\/wp-json\/wp\/v2\/product"}],"about":[{"href":"https:\/\/grejanjesrbija.com\/ru\/wp-json\/wp\/v2\/types\/product"}],"wp:featuredmedia":[{"embeddable":true,"href":"https:\/\/grejanjesrbija.com\/ru\/wp-json\/wp\/v2\/media\/16061"}],"wp:attachment":[{"href":"https:\/\/grejanjesrbija.com\/ru\/wp-json\/wp\/v2\/media?parent=23742"}],"wp:term":[{"taxonomy":"product_brand","embeddable":true,"href":"https:\/\/grejanjesrbija.com\/ru\/wp-json\/wp\/v2\/product_brand?post=23742"},{"taxonomy":"product_cat","embeddable":true,"href":"https:\/\/grejanjesrbija.com\/ru\/wp-json\/wp\/v2\/product_cat?post=23742"},{"taxonomy":"product_tag","embeddable":true,"href":"https:\/\/grejanjesrbija.com\/ru\/wp-json\/wp\/v2\/product_tag?post=23742"}],"curies":[{"name":"wp","href":"https:\/\/api.w.org\/{rel}","templated":true}]}}