{"id":23807,"date":"2025-11-03T12:39:32","date_gmt":"2025-11-03T11:39:32","guid":{"rendered":"https:\/\/grejanjesrbija.com\/?post_type=product&#038;p=23807"},"modified":"2025-12-17T14:04:26","modified_gmt":"2025-12-17T13:04:26","slug":"kotao-na-pelet-kepo-ac-20kw","status":"publish","type":"product","link":"https:\/\/grejanjesrbija.com\/ru\/proizvod\/kotao-na-pelet-kepo-ac-20kw\/","title":{"rendered":"Kotao na pelet Kepo AC 20kW"},"content":{"rendered":"<h2 data-start=\"83\" data-end=\"137\"><strong>Kotao na pelet Kepo AC \u2013 20 kW<\/strong><\/h2>\n<p data-start=\"376\" data-end=\"705\">Kotao na pelet\u00a0<strong data-start=\"391\" data-end=\"407\">Kepo AC 20kW<\/strong> pru\u017ea ekonomi\u010dno i ekolo\u0161ko re\u0161enje za centralno grejanje za povr\u0161ine do 160 m2. Namenjen je sagorevanju kvalitetnog peleta, sa automatskim sistemom paljenja i regulacijom temperature. Njegova jednostavna upotreba, tihi rad i kompaktne dimenzije omogu\u0107avaju laku instalaciju i pouzdan rad u ku\u0107ama i manjim objektima. Sa efikasno\u0161\u0107u od 91.52%, kotao je projektovan u skladu sa najvi\u0161im standardima energetske efikasnosti (klasa A+), \u0161to doprinosi smanjenju tro\u0161kova grejanja i o\u010duvanju \u017eivotne sredine.<\/p>\n<h3 data-start=\"1430\" data-end=\"1472\"><strong>Prednosti kotla KEPO Comfort AC 20 kW<\/strong><\/h3>\n<ul>\n<li data-start=\"1476\" data-end=\"1581\">Sertifikovan je prema klasi 5 \u0161to ukazuje na visok stepen efikasnosti i nisku emisiju \u0161tetnih materija.<\/li>\n<li data-start=\"1584\" data-end=\"1669\">Dobar kapacitet rezervoara \u2013 62 kg peleta \u2013 omogu\u0107ava du\u017ei rad izme\u0111u dopunjavanja.<\/li>\n<li data-start=\"1672\" data-end=\"1778\">Relativno kompaktne dimenzije (665 \u00d7 830 \u00d7 1280 mm) i te\u017eina (255 kg) omogu\u0107avaju bolju integraciju u kotlarnicu.<\/li>\n<li data-start=\"1781\" data-end=\"1953\">Prisutna je opcija automatskog \u010di\u0161\u0107enja gorionika.<\/li>\n<li data-start=\"1956\" data-end=\"2153\">Ugra\u0111ena hidro oprema \u2013 pumpa, ekspanzioni sud i sigurnosni elementi olak\u0161avaju monta\u017eu u sistem centralnog grejanja.<\/li>\n<li>Dobra izolacija vrata, poklopca za izmenjiva\u010de toplote i vodenog dela kotla.<\/li>\n<li>Kvalitetna i elegantna zavr\u0161na boja.<\/li>\n<li>Masivni i pouzdaniji pu\u017e za ubacivanje peleta.<\/li>\n<li>LCD ekran koji pru\u017ea lako upravljanje i preciznu kontrolu temperature.<\/li>\n<li>WiFi konekcija za daljinsku kontrolu (opciona ugradnja).<\/li>\n<li>Klasa energetske efikasnosti A+.<\/li>\n<li data-start=\"2290\" data-end=\"2439\">Garanacija 5 godina.<\/li>\n<\/ul>\n<h3 data-start=\"1496\" data-end=\"1531\"><strong data-start=\"1500\" data-end=\"1529\">Za\u0161to kupiti ovaj kotao?<\/strong><\/h3>\n<p>Kepo AC 20kW je idealan za doma\u0107instva i manje poslovne objekte do 160 m2 kojima je potreban efikasan, pouzdan i ekolo\u0161ki kotao na pelet. Automatska kontrola sagorevanja i visoka efikasnost garantuju u\u0161tedu energije i novca, dok kvalitetna konstrukcija osigurava dug vek trajanja.<\/p>","protected":false},"excerpt":{"rendered":"<p>Kepo AC 20kW je idealan za doma\u0107instva i manje poslovne objekte do 160 m2 kojima je potreban efikasan, pouzdan i ekolo\u0161ki kotao na pelet. Automatska kontrola sagorevanja i visoka efikasnost garantuju u\u0161tedu energije i novca, dok kvalitetna konstrukcija osigurava dug vek trajanja.<\/p>","protected":false},"featured_media":23805,"template":"","meta":{"_seopress_robots_primary_cat":"none","_seopress_titles_title":"","_seopress_titles_desc":"Kupite Kepo AC 20kW kotao na pelet \u2013 pouzdan, kompaktan i efikasan kotao za grejanje doma\u0107instava i manjih poslovnih objekata.","_seopress_robots_index":""},"product_brand":[4209],"product_cat":[4205,4917],"product_tag":[],"class_list":{"0":"post-23807","1":"product","2":"type-product","3":"status-publish","4":"has-post-thumbnail","6":"product_brand-kepo","7":"product_cat-kotlovi-i-kamini-na-pelet","8":"product_cat-kotlovi-na-pelet","10":"first","11":"instock","12":"shipping-taxable","13":"purchasable","14":"product-type-simple"},"_links":{"self":[{"href":"https:\/\/grejanjesrbija.com\/ru\/wp-json\/wp\/v2\/product\/23807","targetHints":{"allow":["GET"]}}],"collection":[{"href":"https:\/\/grejanjesrbija.com\/ru\/wp-json\/wp\/v2\/product"}],"about":[{"href":"https:\/\/grejanjesrbija.com\/ru\/wp-json\/wp\/v2\/types\/product"}],"wp:featuredmedia":[{"embeddable":true,"href":"https:\/\/grejanjesrbija.com\/ru\/wp-json\/wp\/v2\/media\/23805"}],"wp:attachment":[{"href":"https:\/\/grejanjesrbija.com\/ru\/wp-json\/wp\/v2\/media?parent=23807"}],"wp:term":[{"taxonomy":"product_brand","embeddable":true,"href":"https:\/\/grejanjesrbija.com\/ru\/wp-json\/wp\/v2\/product_brand?post=23807"},{"taxonomy":"product_cat","embeddable":true,"href":"https:\/\/grejanjesrbija.com\/ru\/wp-json\/wp\/v2\/product_cat?post=23807"},{"taxonomy":"product_tag","embeddable":true,"href":"https:\/\/grejanjesrbija.com\/ru\/wp-json\/wp\/v2\/product_tag?post=23807"}],"curies":[{"name":"wp","href":"https:\/\/api.w.org\/{rel}","templated":true}]}}