{"id":23816,"date":"2025-11-03T13:00:02","date_gmt":"2025-11-03T12:00:02","guid":{"rendered":"https:\/\/grejanjesrbija.com\/?post_type=product&#038;p=23816"},"modified":"2025-11-03T13:50:00","modified_gmt":"2025-11-03T12:50:00","slug":"kotao-na-pelet-kepo-ac-25kw","status":"publish","type":"product","link":"https:\/\/grejanjesrbija.com\/ru\/proizvod\/kotao-na-pelet-kepo-ac-25kw\/","title":{"rendered":"Kotao na pelet Kepo AC 25kW"},"content":{"rendered":"<h2 data-start=\"83\" data-end=\"137\"><strong>Kotao na pelet Kepo AC \u2013 25 kW<\/strong><\/h2>\n<p data-start=\"405\" data-end=\"777\">Kotao na pelet <strong data-start=\"420\" data-end=\"436\">Kepo AC 25kW<\/strong> pru\u017ea savremeno re\u0161enje za centralno grejanje. Namenjen je sagorevanju kvalitetnog peleta, sa automatskim sistemom paljenja i preciznom regulacijom temperature. Tihi rad, kompaktan dizajn i jednostavno odr\u017eavanje \u010dine ga idealnim za ku\u0107e i manje poslovne objekte do 220 m2. Sa efikasno\u0161\u0107u od 90,7%, kotao je projektovan u skladu sa najvi\u0161im standardima energetske efikasnosti (klasa A+), \u0161to doprinosi smanjenju tro\u0161kova grejanja i o\u010duvanju \u017eivotne sredine.<\/p>\n<h3 data-start=\"1430\" data-end=\"1472\"><strong>Prednosti kotla KEPO Comfort AC 25 kW<\/strong><\/h3>\n<ul>\n<li data-start=\"1476\" data-end=\"1581\">Sertifikovan je prema klasi 5 \u0161to ukazuje na visok stepen efikasnosti i nisku emisiju \u0161tetnih materija.<\/li>\n<li data-start=\"1584\" data-end=\"1669\">Dobar kapacitet rezervoara \u2013 75 kg peleta \u2013 omogu\u0107ava du\u017ei rad izme\u0111u dopunjavanja.<\/li>\n<li data-start=\"1672\" data-end=\"1778\">Relativno kompaktne dimenzije (665 \u00d7 830 \u00d7 1430 mm) i te\u017eina (280 kg) omogu\u0107avaju bolju integraciju u kotlarnicu.<\/li>\n<li data-start=\"1781\" data-end=\"1953\">Prisutna je opcija automatskog \u010di\u0161\u0107enja gorionika.<\/li>\n<li data-start=\"1956\" data-end=\"2153\">Ugra\u0111ena hidro oprema \u2013 pumpa, ekspanzioni sud i sigurnosni elementi olak\u0161avaju monta\u017eu u sistem centralnog grejanja.<\/li>\n<li>Dobra izolacija vrata, poklopca za izmenjiva\u010de toplote i vodenog dela kotla.<\/li>\n<li>Kvalitetna i elegantna zavr\u0161na boja.<\/li>\n<li>Masivni i pouzdaniji pu\u017e za ubacivanje peleta.<\/li>\n<li>LCD ekran koji pru\u017ea lako upravljanje i preciznu kontrolu temperature.<\/li>\n<li>WiFi konekcija za daljinsku kontrolu (opciona ugradnja).<\/li>\n<li>Klasa energetske efikasnosti A+.<\/li>\n<li data-start=\"2290\" data-end=\"2439\">Garanacija 5 godina.<\/li>\n<\/ul>\n<h3 data-start=\"1496\" data-end=\"1531\"><strong data-start=\"1500\" data-end=\"1529\">Za\u0161to kupiti ovaj kotao?<\/strong><\/h3>\n<p data-start=\"1605\" data-end=\"1867\">Kepo AC 25kW je odli\u010dan izbor za one koji \u017eele efikasan, pouzdan i ekolo\u0161ki kotao na pelet namenjen povr\u0161inama do 220 m2. Njegova automatska kontrola sagorevanja i visoka efikasnost omogu\u0107avaju u\u0161tedu energije i novca, dok \u010deli\u010dna konstrukcija garantuje dug vek trajanja i bezbedan rad.<\/p>","protected":false},"excerpt":{"rendered":"<p>Kepo AC 25kW je odli\u010dan izbor za one koji \u017eele efikasan, pouzdan i ekolo\u0161ki kotao na pelet namenjen povr\u0161inama do 220 m2. Njegova automatska kontrola sagorevanja i visoka efikasnost omogu\u0107avaju u\u0161tedu energije i novca, dok \u010deli\u010dna konstrukcija garantuje dug vek trajanja i bezbedan rad.<\/p>","protected":false},"featured_media":23805,"template":"","meta":{"_seopress_robots_primary_cat":"none","_seopress_titles_title":"","_seopress_titles_desc":"Kupite Kepo AC 25kW kotao na pelet \u2013 efikasan, pouzdan i ekolo\u0161ki kotao za grejanje doma\u0107instava i manjih poslovnih prostora.","_seopress_robots_index":""},"product_brand":[4209],"product_cat":[4205,4917],"product_tag":[],"class_list":{"0":"post-23816","1":"product","2":"type-product","3":"status-publish","4":"has-post-thumbnail","6":"product_brand-kepo","7":"product_cat-kotlovi-i-kamini-na-pelet","8":"product_cat-kotlovi-na-pelet","10":"first","11":"instock","12":"shipping-taxable","13":"purchasable","14":"product-type-simple"},"_links":{"self":[{"href":"https:\/\/grejanjesrbija.com\/ru\/wp-json\/wp\/v2\/product\/23816","targetHints":{"allow":["GET"]}}],"collection":[{"href":"https:\/\/grejanjesrbija.com\/ru\/wp-json\/wp\/v2\/product"}],"about":[{"href":"https:\/\/grejanjesrbija.com\/ru\/wp-json\/wp\/v2\/types\/product"}],"wp:featuredmedia":[{"embeddable":true,"href":"https:\/\/grejanjesrbija.com\/ru\/wp-json\/wp\/v2\/media\/23805"}],"wp:attachment":[{"href":"https:\/\/grejanjesrbija.com\/ru\/wp-json\/wp\/v2\/media?parent=23816"}],"wp:term":[{"taxonomy":"product_brand","embeddable":true,"href":"https:\/\/grejanjesrbija.com\/ru\/wp-json\/wp\/v2\/product_brand?post=23816"},{"taxonomy":"product_cat","embeddable":true,"href":"https:\/\/grejanjesrbija.com\/ru\/wp-json\/wp\/v2\/product_cat?post=23816"},{"taxonomy":"product_tag","embeddable":true,"href":"https:\/\/grejanjesrbija.com\/ru\/wp-json\/wp\/v2\/product_tag?post=23816"}],"curies":[{"name":"wp","href":"https:\/\/api.w.org\/{rel}","templated":true}]}}