{"id":23830,"date":"2025-11-03T13:51:03","date_gmt":"2025-11-03T12:51:03","guid":{"rendered":"https:\/\/grejanjesrbija.com\/?post_type=product&#038;p=23830"},"modified":"2025-12-17T14:24:22","modified_gmt":"2025-12-17T13:24:22","slug":"kotao-na-pelet-kepo-ac-35kw","status":"publish","type":"product","link":"https:\/\/grejanjesrbija.com\/ru\/proizvod\/kotao-na-pelet-kepo-ac-35kw\/","title":{"rendered":"Kotao na pelet Kepo AC 35kW"},"content":{"rendered":"<h2><strong>Kotao na pelet Kepo AC &#8211; 35kW<\/strong><\/h2>\n<p data-start=\"406\" data-end=\"849\">Kotao na pelet <strong data-start=\"421\" data-end=\"437\">Kepo AC 35kW<\/strong> predstavlja savremeno re\u0161enje za centralno grejanje sa maksimalnom efikasno\u0161\u0107u. Namenjen je sagorevanju kvalitetnog peleta, sa automatskim sistemom paljenja i preciznom kontrolom temperature. Njegov tihi rad, pouzdana konstrukcija i jednostavno odr\u017eavanje \u010dine ga idealnim za ve\u0107e ku\u0107e i manje poslovne objekte do 330 m2. Sa efikasno\u0161\u0107u od 91,91%, kotao je projektovan u skladu sa najvi\u0161im standardima energetske efikasnosti (klasa A+), \u0161to doprinosi smanjenju tro\u0161kova grejanja i o\u010duvanju \u017eivotne sredine.<\/p>\n<h3 data-start=\"1430\" data-end=\"1472\"><strong>Prednosti kotla KEPO Comfort AC 35 kW<\/strong><\/h3>\n<ul>\n<li data-start=\"1476\" data-end=\"1581\">Sertifikovan je prema klasi 5 \u0161to ukazuje na visok stepen efikasnosti i nisku emisiju \u0161tetnih materija.<\/li>\n<li data-start=\"1584\" data-end=\"1669\">Dobar kapacitet rezervoara \u2013 120 kg peleta \u2013 omogu\u0107ava du\u017ei rad izme\u0111u dopunjavanja.<\/li>\n<li data-start=\"1672\" data-end=\"1778\">Relativno kompaktne dimenzije (765 \u00d7 1040 \u00d7 1600 mm) i te\u017eina (416 kg) omogu\u0107avaju bolju integraciju u kotlarnicu.<\/li>\n<li data-start=\"1781\" data-end=\"1953\">Prisutna je opcija automatskog \u010di\u0161\u0107enja gorionika.<\/li>\n<li data-start=\"1956\" data-end=\"2153\">Ugra\u0111ena hidro oprema \u2013 pumpa, ekspanzioni sud i sigurnosni elementi olak\u0161avaju monta\u017eu u sistem centralnog grejanja.<\/li>\n<li>Dobra izolacija vrata, poklopca za izmenjiva\u010de toplote i vodenog dela kotla.<\/li>\n<li>Kvalitetna i elegantna zavr\u0161na boja.<\/li>\n<li>Masivni i pouzdaniji pu\u017e za ubacivanje peleta.<\/li>\n<li>LCD ekran koji pru\u017ea lako upravljanje i preciznu kontrolu temperature.<\/li>\n<li>WiFi konekcija za daljinsku kontrolu (opciona ugradnja).<\/li>\n<li>Klasa energetske efikasnosti A+.<\/li>\n<li data-start=\"2290\" data-end=\"2439\">Garanacija 5 godina.<\/li>\n<\/ul>\n<h3 data-start=\"1641\" data-end=\"1676\"><strong data-start=\"1645\" data-end=\"1674\">Za\u0161to kupiti ovaj kotao?<\/strong><\/h3>\n<p data-start=\"1677\" data-end=\"1967\">Kepo AC 35kW je idealan za ve\u0107a doma\u0107instva i poslovne prostore do 330 m2 kojima je potreban pouzdan, efikasan i ekolo\u0161ki kotao na pelet. Automatska kontrola sagorevanja i visoka efikasnost garantuju u\u0161tedu energije i novca, dok kvalitetna konstrukcija osigurava dug vek trajanja i siguran rad.<\/p>","protected":false},"excerpt":{"rendered":"<p>Kepo AC 35kW je idealan za ve\u0107a doma\u0107instva i poslovne prostore do 330 m2 kojima je potreban pouzdan, efikasan i ekolo\u0161ki kotao na pelet. Automatska kontrola sagorevanja i visoka efikasnost garantuju u\u0161tedu energije i novca, dok kvalitetna konstrukcija osigurava dug vek trajanja i siguran rad.<\/p>","protected":false},"featured_media":23805,"template":"","meta":{"_seopress_robots_primary_cat":"none","_seopress_titles_title":"","_seopress_titles_desc":"Kupite Kepo AC 35kW kotao na pelet \u2013 efikasan, pouzdan i ekolo\u0161ki kotao za grejanje ve\u0107ih doma\u0107instava i poslovnih prostora.","_seopress_robots_index":""},"product_brand":[4209],"product_cat":[4205,4917],"product_tag":[],"class_list":{"0":"post-23830","1":"product","2":"type-product","3":"status-publish","4":"has-post-thumbnail","6":"product_brand-kepo","7":"product_cat-kotlovi-i-kamini-na-pelet","8":"product_cat-kotlovi-na-pelet","10":"first","11":"instock","12":"shipping-taxable","13":"purchasable","14":"product-type-simple"},"_links":{"self":[{"href":"https:\/\/grejanjesrbija.com\/ru\/wp-json\/wp\/v2\/product\/23830","targetHints":{"allow":["GET"]}}],"collection":[{"href":"https:\/\/grejanjesrbija.com\/ru\/wp-json\/wp\/v2\/product"}],"about":[{"href":"https:\/\/grejanjesrbija.com\/ru\/wp-json\/wp\/v2\/types\/product"}],"wp:featuredmedia":[{"embeddable":true,"href":"https:\/\/grejanjesrbija.com\/ru\/wp-json\/wp\/v2\/media\/23805"}],"wp:attachment":[{"href":"https:\/\/grejanjesrbija.com\/ru\/wp-json\/wp\/v2\/media?parent=23830"}],"wp:term":[{"taxonomy":"product_brand","embeddable":true,"href":"https:\/\/grejanjesrbija.com\/ru\/wp-json\/wp\/v2\/product_brand?post=23830"},{"taxonomy":"product_cat","embeddable":true,"href":"https:\/\/grejanjesrbija.com\/ru\/wp-json\/wp\/v2\/product_cat?post=23830"},{"taxonomy":"product_tag","embeddable":true,"href":"https:\/\/grejanjesrbija.com\/ru\/wp-json\/wp\/v2\/product_tag?post=23830"}],"curies":[{"name":"wp","href":"https:\/\/api.w.org\/{rel}","templated":true}]}}