{"id":24031,"date":"2025-11-05T14:42:28","date_gmt":"2025-11-05T13:42:28","guid":{"rendered":"https:\/\/grejanjesrbija.com\/?post_type=product&#038;p=24031"},"modified":"2025-12-08T15:51:17","modified_gmt":"2025-12-08T14:51:17","slug":"kotao-radijtor-kraljevo-tkan2-40-50kw","status":"publish","type":"product","link":"https:\/\/grejanjesrbija.com\/ru\/proizvod\/kotao-radijtor-kraljevo-tkan2-40-50kw\/","title":{"rendered":"Kotao Radijtor Kraljevo TKAN2 40-50kW"},"content":{"rendered":"<h2><strong>Kotao Radijtor Kraljevo TKAN2 40-50kW<\/strong><\/h2>\n<p data-start=\"600\" data-end=\"884\"><strong data-start=\"600\" data-end=\"637\">Radijator Kraljevo TKAN2 40\u201350 kW<\/strong> pripada novijoj generaciji kotlova na biomasu i pelet doma\u0107eg proizvo\u0111a\u010da Radijator In\u017eenjering. Model TKAN2 je razvijen na osnovu serije TKAN1, ali sa pove\u0107anim kapacitetom lo\u017ei\u0161ta, boljom toplotnom izmenom i ve\u0107im nivoom automatizacije. Ovaj kotao je namenjen prevashodno radu na pelet \/ biomasu kao osnovno gorivo, ali spada u kombinovane kotlove jer bez ikakvih pote\u0161ko\u0107a i priprema mo\u017ee da sagori i drvo u du\u017eem vremenskom periodu. Kotao omogu\u0107ava efikasno sagorevanje peleta i biomase uz mogu\u0107nost povezivanja sa savremenim sistemima grejanja (pumpne grupe, akumulacioni rezervoari, automatika). Opremljen je lo\u017ei\u0161tem od visokokvalitetnog \u010delika, rebrastim izmenjiva\u010dima toplote i vratima sa izolacijom koja spre\u010davaju gubitke toplote.<br data-start=\"1054\" data-end=\"1057\" \/>Sa snagom u opsegu od 40 kW do 50 kW, idealan je izbor za objekte povr\u0161ine do 400 m\u00b2 \u2013 porodi\u010dne ku\u0107e, radionice, poslovne zgrade ili manje industrijske pogone.<\/p>\n<h3 data-start=\"1268\" data-end=\"1315\"><strong>\u0422\u0435\u0445\u043d\u0438\u0447\u0435\u0441\u043a\u0438\u0435 \u0445\u0430\u0440\u0430\u043a\u0442\u0435\u0440\u0438\u0441\u0442\u0438\u043a\u0438\u00a0<\/strong><\/h3>\n<div class=\"_tableContainer_1rjym_1\">\n<div class=\"group _tableWrapper_1rjym_13 flex w-fit flex-col-reverse\" tabindex=\"-1\">\n<table class=\"w-fit min-w-(--thread-content-width)\" data-start=\"1379\" data-end=\"2299\">\n<thead data-start=\"1379\" data-end=\"1415\">\n<tr data-start=\"1379\" data-end=\"1415\">\n<th data-start=\"1379\" data-end=\"1396\" data-col-size=\"sm\">Karakteristika<\/th>\n<th data-start=\"1396\" data-end=\"1415\" data-col-size=\"md\">Vrednost \/ opis<\/th>\n<\/tr>\n<\/thead>\n<tbody data-start=\"1426\" data-end=\"2299\">\n<tr data-start=\"1426\" data-end=\"1522\">\n<td data-start=\"1426\" data-end=\"1434\" data-col-size=\"sm\">\u0421\u0438\u043b\u0430<\/td>\n<td data-start=\"1434\" data-end=\"1522\" data-col-size=\"md\">do 49,5 kW<\/td>\n<\/tr>\n<tr data-start=\"1523\" data-end=\"1639\">\n<td data-start=\"1523\" data-end=\"1536\" data-col-size=\"sm\">Tip goriva<\/td>\n<td data-start=\"1536\" data-end=\"1639\" data-col-size=\"md\">Pelet \/ biomasa \/ \u010dvrsto gorivo<\/td>\n<\/tr>\n<tr data-start=\"1640\" data-end=\"1723\">\n<td data-start=\"1640\" data-end=\"1671\" data-col-size=\"sm\">Stepen iskori\u0161\u0107enja na pelet<\/td>\n<td data-start=\"1671\" data-end=\"1723\" data-col-size=\"md\">do 90 %<\/td>\n<\/tr>\n<tr data-start=\"1724\" data-end=\"1844\">\n<td data-start=\"1724\" data-end=\"1744\" data-col-size=\"sm\">Dimenzije (Dx\u0160xV)<\/td>\n<td data-start=\"1744\" data-end=\"1844\" data-col-size=\"md\">1325 \u00d7 1340 \u00d7 1670 mm<\/td>\n<\/tr>\n<tr data-start=\"1845\" data-end=\"1943\">\n<td data-start=\"1845\" data-end=\"1858\" data-col-size=\"sm\">Masa kotla<\/td>\n<td data-start=\"1858\" data-end=\"1943\" data-col-size=\"md\">787 kg<\/td>\n<\/tr>\n<tr data-start=\"1944\" data-end=\"2059\">\n<td data-start=\"1944\" data-end=\"1969\" data-col-size=\"sm\">Zapremina vode u kotlu<\/td>\n<td data-col-size=\"md\" data-start=\"1969\" data-end=\"2059\">~ 125 litara<\/td>\n<\/tr>\n<tr data-start=\"2060\" data-end=\"2158\">\n<td data-start=\"2060\" data-end=\"2079\" data-col-size=\"sm\">Pre\u010dnik dimovoda<\/td>\n<td data-col-size=\"md\" data-start=\"2079\" data-end=\"2158\">\u00d8 200 mm<\/td>\n<\/tr>\n<tr data-start=\"2159\" data-end=\"2299\">\n<td data-start=\"2159\" data-end=\"2182\" data-col-size=\"sm\">Garancija<\/td>\n<td data-col-size=\"md\" data-start=\"2182\" data-end=\"2299\">5 godina na curenje kotla \/ 2 godine na elektro delove<\/td>\n<\/tr>\n<\/tbody>\n<\/table>\n<h3 data-start=\"2098\" data-end=\"2138\"><strong>\u041f\u0440\u0435\u0438\u043c\u0443\u0449\u0435\u0441\u0442\u0432\u0430\u00a0<\/strong><\/h3>\n<ul>\n<li data-start=\"2142\" data-end=\"2227\">Visok stepen iskori\u0161\u0107enja energije (&gt; 90 %), \u0161to donosi ni\u017ee tro\u0161kove grejanja.<\/li>\n<li data-start=\"2230\" data-end=\"2307\">Velika zapremina lo\u017ei\u0161ta omogu\u0107ava du\u017ee intervale izme\u0111u dopuna goriva.<\/li>\n<li data-start=\"2310\" data-end=\"2396\">Kvalitetna izrada od kotlovskog \u010delika garantuje dug radni vek i pouzdanost.<\/li>\n<li data-start=\"2399\" data-end=\"2463\">Mogu\u0107nost kombinovanja sa automatskim gorionikom na pelet.<\/li>\n<li>Odre\u0111eni stepen automatskog upravljanja je mogu\u0107 \u010dak i kod lo\u017eenja samo drvetom.<\/li>\n<li data-start=\"2466\" data-end=\"2557\">Jednostavno odr\u017eavanje i lako \u010di\u0161\u0107enje zahvaljuju\u0107i pristupa\u010dnim vratima i izmenjiva\u010dima.<\/li>\n<li data-start=\"2560\" data-end=\"2618\">Ekolo\u0161ki prihvatljivo grejanje uz minimalne emisije CO\u2082.<\/li>\n<li>Inovativno vulkansko lo\u017ei\u0161te &#8211; \u00a0omogu\u0107ava pouzadnost u radu i bezbri\u017eno odr\u017eavanje u dugom vremenskom periodu.<\/li>\n<\/ul>\n<\/div>\n<h3 data-start=\"3172\" data-end=\"3239\"><strong data-start=\"3177\" data-end=\"3239\">Za\u0161to kupiti Radijator Kraljevo TKAN2 40\u201350 kW?<\/strong><\/h3>\n<p data-start=\"3241\" data-end=\"3724\">Kupovinom kotla Radijator TKAN2 40\u201350 kW dobijate mo\u0107no, ekonomi\u010dno i dugotrajno re\u0161enje za grejanje ve\u0107ih objekata. Zahvaljuju\u0107i visokom stepenu iskori\u0161\u0107enja, kvalitetnoj \u010deli\u010dnoj konstrukciji i fleksibilnosti u radu sa peletom i biomasom, ovaj model pru\u017ea optimalan odnos cene, kvaliteta i komfora.<br data-start=\"3567\" data-end=\"3570\" \/>Predstavlja odli\u010dan izbor za korisnike koji tra\u017ee pouzdan doma\u0107i proizvod sa modernim sistemom sagorevanja i minimalnim tro\u0161kovima odr\u017eavanja.<\/p>\n<\/div>\n<p data-start=\"600\" data-end=\"884\">","protected":false},"excerpt":{"rendered":"<p data-start=\"256\" data-end=\"567\">Kotao Radijator Kraljevo TKAN2 40\u201350 kW je sna\u017ean i efikasan kotao na pelet i biomasu, namenjen grejanju ve\u0107ih stambenih i poslovnih objekata. Obezbe\u0111uje visok stepen iskori\u0161\u0107enja, ekonomi\u010dnu potro\u0161nju goriva i dug vek trajanja zahvaljuju\u0107i kvalitetnoj \u010deli\u010dnoj konstrukciji i naprednom sistemu sagorevanja.<\/p>","protected":false},"featured_media":24019,"template":"","meta":{"_seopress_robots_primary_cat":"none","_seopress_titles_title":"","_seopress_titles_desc":"Kotao Radijator Kraljevo TKAN2 40\u201350 kW \u2013 sna\u017ean i pouzdan kotao na pelet i biomasu sa efikasno\u0161\u0107u preko 90 %, izra\u0111en od \u010delika i namenjen grejanju ve\u0107ih objekata do 400 m\u00b2.","_seopress_robots_index":""},"product_brand":[4197],"product_cat":[4206,4205],"product_tag":[],"class_list":{"0":"post-24031","1":"product","2":"type-product","3":"status-publish","4":"has-post-thumbnail","6":"product_brand-radijator-kraljevo","7":"product_cat-kombinovani-kotlovi","8":"product_cat-kotlovi-i-kamini-na-pelet","10":"first","11":"instock","12":"shipping-taxable","13":"purchasable","14":"product-type-simple"},"_links":{"self":[{"href":"https:\/\/grejanjesrbija.com\/ru\/wp-json\/wp\/v2\/product\/24031","targetHints":{"allow":["GET"]}}],"collection":[{"href":"https:\/\/grejanjesrbija.com\/ru\/wp-json\/wp\/v2\/product"}],"about":[{"href":"https:\/\/grejanjesrbija.com\/ru\/wp-json\/wp\/v2\/types\/product"}],"wp:featuredmedia":[{"embeddable":true,"href":"https:\/\/grejanjesrbija.com\/ru\/wp-json\/wp\/v2\/media\/24019"}],"wp:attachment":[{"href":"https:\/\/grejanjesrbija.com\/ru\/wp-json\/wp\/v2\/media?parent=24031"}],"wp:term":[{"taxonomy":"product_brand","embeddable":true,"href":"https:\/\/grejanjesrbija.com\/ru\/wp-json\/wp\/v2\/product_brand?post=24031"},{"taxonomy":"product_cat","embeddable":true,"href":"https:\/\/grejanjesrbija.com\/ru\/wp-json\/wp\/v2\/product_cat?post=24031"},{"taxonomy":"product_tag","embeddable":true,"href":"https:\/\/grejanjesrbija.com\/ru\/wp-json\/wp\/v2\/product_tag?post=24031"}],"curies":[{"name":"wp","href":"https:\/\/api.w.org\/{rel}","templated":true}]}}