{"id":24067,"date":"2025-11-06T10:30:29","date_gmt":"2025-11-06T09:30:29","guid":{"rendered":"https:\/\/grejanjesrbija.com\/?post_type=product&#038;p=24067"},"modified":"2025-12-22T14:05:36","modified_gmt":"2025-12-22T13:05:36","slug":"kepo-dimni-elementi-fi80-redukovana-stucna-120-80","status":"publish","type":"product","link":"https:\/\/grejanjesrbija.com\/ru\/proizvod\/kepo-dimni-elementi-fi80-redukovana-stucna-120-80\/","title":{"rendered":"Redukovana \u0161tucna fi80 120-80"},"content":{"rendered":"<p data-start=\"309\" data-end=\"595\">Ovaj model \u201eRedukovana \u0160tucna 120-80\u201c je deo linije dimnih elemenata fi 80, i omogu\u0107ava spajanje dimovodne cevi ve\u0107eg pre\u010dnika (120 mm) sa elementom ili delom sistema od fi 80. Obi\u010dno se koristi kada deo sistema ima ve\u0107i priklju\u010dak, ali glavni dimovod koristi standardni \u00d8 80 mm.<\/p>\n<p data-start=\"597\" data-end=\"918\">Redukovana \u0161tucna je izra\u0111ena od metalnog \/ \u010deli\u010dnog lima, kompatibilna sa dimnim komponentama fi80, i pogodna za primenu u pelet-kotlovima, dimovodnim instalacijama i monta\u017eama gde pravilan spoj izme\u0111u razli\u010ditih pre\u010dnika dimovoda treba da se ostvari bez gubitaka i curenja.<\/p>","protected":false},"excerpt":{"rendered":"<p data-start=\"112\" data-end=\"282\">Redukovana \u0161tucna fi 80 (120-80) je dimni fiting za pelet kotlove koji slu\u017ei kao adapter izme\u0111u dimovodnih priklju\u010daka promera 120 mm na sekciju sa promerom 80 mm.<\/p>","protected":false},"featured_media":24109,"template":"","meta":{"_seopress_robots_primary_cat":"none","_seopress_titles_title":"","_seopress_titles_desc":"Redukovana \u0161tucna 120-80 \u2013 adapter dimovoda za pelet kotlove; spaja pre\u010dnik 120 mm na 80 mm. Kompatibilan sa fi 80 elementima.","_seopress_robots_index":""},"product_brand":[4338],"product_cat":[4308,4205],"product_tag":[],"class_list":{"0":"post-24067","1":"product","2":"type-product","3":"status-publish","4":"has-post-thumbnail","6":"product_brand-nero","7":"product_cat-dimni-elementi-za-kotlove-na-pelet","8":"product_cat-kotlovi-i-kamini-na-pelet","10":"first","11":"instock","12":"shipping-taxable","13":"purchasable","14":"product-type-simple"},"_links":{"self":[{"href":"https:\/\/grejanjesrbija.com\/ru\/wp-json\/wp\/v2\/product\/24067","targetHints":{"allow":["GET"]}}],"collection":[{"href":"https:\/\/grejanjesrbija.com\/ru\/wp-json\/wp\/v2\/product"}],"about":[{"href":"https:\/\/grejanjesrbija.com\/ru\/wp-json\/wp\/v2\/types\/product"}],"wp:featuredmedia":[{"embeddable":true,"href":"https:\/\/grejanjesrbija.com\/ru\/wp-json\/wp\/v2\/media\/24109"}],"wp:attachment":[{"href":"https:\/\/grejanjesrbija.com\/ru\/wp-json\/wp\/v2\/media?parent=24067"}],"wp:term":[{"taxonomy":"product_brand","embeddable":true,"href":"https:\/\/grejanjesrbija.com\/ru\/wp-json\/wp\/v2\/product_brand?post=24067"},{"taxonomy":"product_cat","embeddable":true,"href":"https:\/\/grejanjesrbija.com\/ru\/wp-json\/wp\/v2\/product_cat?post=24067"},{"taxonomy":"product_tag","embeddable":true,"href":"https:\/\/grejanjesrbija.com\/ru\/wp-json\/wp\/v2\/product_tag?post=24067"}],"curies":[{"name":"wp","href":"https:\/\/api.w.org\/{rel}","templated":true}]}}