{"id":24245,"date":"2025-11-07T12:41:23","date_gmt":"2025-11-07T11:41:23","guid":{"rendered":"https:\/\/grejanjesrbija.com\/?post_type=product&#038;p=24245"},"modified":"2026-03-14T14:17:03","modified_gmt":"2026-03-14T13:17:03","slug":"tesy-bojler-300l-sa-ii-izmenjivaca-bez-grejaca","status":"publish","type":"product","link":"https:\/\/grejanjesrbija.com\/ru\/proizvod\/tesy-bojler-300l-sa-ii-izmenjivaca-bez-grejaca\/","title":{"rendered":"Tesy Bojler 300l sa II izmenjiva\u010da bez greja\u010da"},"content":{"rendered":"<h3 data-start=\"232\" data-end=\"605\">Tesy Bojler 300l sa II izmenjiva\u010da bez greja\u010da<\/h3>\n<p data-start=\"232\" data-end=\"605\"><strong data-start=\"232\" data-end=\"294\">TESY bojler 300L sa dva izmenjiva\u010da toplote \u2013 model 301391<\/strong> je idealno re\u0161enje za ve\u0107a doma\u0107instva i poslovne prostore koji koriste obnovljive izvore energije. Ovaj bojler omogu\u0107ava povezivanje sa dva nezavisna izvora grejanja, kao \u0161to su solarni kolektori i kotlovi, \u0161to garantuje stabilnu i ekonomi\u010dnu isporuku sanitarne tople vode bez potrebe za elektri\u010dnim greja\u010dem.<\/p>\n<p data-start=\"607\" data-end=\"934\">Rezervoar zapremine 279 litara opremljen je visokokvalitetnom poliuretanskom izolacijom debljine 50 mm, koja smanjuje toplotne gubitke i doprinosi energetskoj efikasnosti. Sa povr\u0161inama izmenjiva\u010da toplote od 1.21 m\u00b2 i 0.85 m\u00b2, i zapreminama od 7.4 i 5.2 litara, ovaj model pru\u017ea pouzdan prenos toplote iz dva razli\u010dita izvora.<\/p>\n<p data-start=\"936\" data-end=\"1250\">Bojler radi na maksimalnoj temperaturi vode od 95 \u00b0C i podnosi radni pritisak do 8 bara u rezervoaru, dok izmenjiva\u010di podnose do 6 bara. Sa kapacitetom isporuke do 471 litara tople vode iz prvog izmenjiva\u010da i 207 litara iz drugog (pri 45 \u00b0C bez dodatnog napajanja), idealan je za kontinuiranu i efikasnu potro\u0161nju.<\/p>\n<p data-start=\"1252\" data-end=\"1454\">TESY model 301391 kombinuje visok kvalitet, sigurnost i ekonomi\u010dnost, \u0161to ga \u010dini odli\u010dnim izborom za one koji \u017eele da maksimalno iskoriste solarnu energiju ili druge obnovljive izvore za grejanje vode.<\/p>","protected":false},"excerpt":{"rendered":"<p>TESY bojler 300L sa dva izmenjiva\u010da toplote i bez greja\u010da omogu\u0107ava pouzdanu akumulaciju tople vode iz dva nezavisna izvora energije. Opremljen je kvalitetnom PU izolacijom i pogodnim je za ve\u0107a doma\u0107instva i poslovne prostore.<\/p>","protected":false},"featured_media":23507,"template":"","meta":{"_seopress_robots_primary_cat":"none","_seopress_titles_title":"","_seopress_titles_desc":"TESY bojler 300L sa dva izmenjiva\u010da toplote i bez greja\u010da omogu\u0107ava pouzdanu akumulaciju tople vode iz dva nezavisna izvora energije. Opremljen je kvalitetnom PU izolacijom i pogodnim je za ve\u0107a doma\u0107instva i poslovne prostore.","_seopress_robots_index":""},"product_brand":[4347],"product_cat":[4259,4264],"product_tag":[],"class_list":{"0":"post-24245","1":"product","2":"type-product","3":"status-publish","4":"has-post-thumbnail","6":"product_brand-tesy","7":"product_cat-bojleri-i-akumulatori-toplote","8":"product_cat-centralni-bojleri","10":"first","11":"instock","12":"shipping-taxable","13":"purchasable","14":"product-type-simple"},"_links":{"self":[{"href":"https:\/\/grejanjesrbija.com\/ru\/wp-json\/wp\/v2\/product\/24245","targetHints":{"allow":["GET"]}}],"collection":[{"href":"https:\/\/grejanjesrbija.com\/ru\/wp-json\/wp\/v2\/product"}],"about":[{"href":"https:\/\/grejanjesrbija.com\/ru\/wp-json\/wp\/v2\/types\/product"}],"wp:featuredmedia":[{"embeddable":true,"href":"https:\/\/grejanjesrbija.com\/ru\/wp-json\/wp\/v2\/media\/23507"}],"wp:attachment":[{"href":"https:\/\/grejanjesrbija.com\/ru\/wp-json\/wp\/v2\/media?parent=24245"}],"wp:term":[{"taxonomy":"product_brand","embeddable":true,"href":"https:\/\/grejanjesrbija.com\/ru\/wp-json\/wp\/v2\/product_brand?post=24245"},{"taxonomy":"product_cat","embeddable":true,"href":"https:\/\/grejanjesrbija.com\/ru\/wp-json\/wp\/v2\/product_cat?post=24245"},{"taxonomy":"product_tag","embeddable":true,"href":"https:\/\/grejanjesrbija.com\/ru\/wp-json\/wp\/v2\/product_tag?post=24245"}],"curies":[{"name":"wp","href":"https:\/\/api.w.org\/{rel}","templated":true}]}}