{"id":24603,"date":"2025-11-13T12:31:34","date_gmt":"2025-11-13T11:31:34","guid":{"rendered":"https:\/\/grejanjesrbija.com\/?post_type=product&#038;p=24603"},"modified":"2026-03-12T15:31:53","modified_gmt":"2026-03-12T14:31:53","slug":"mareli-rubynor-dc-inverter-toplotna-pumpa-vazduh-voda-fgs","status":"publish","type":"product","link":"https:\/\/grejanjesrbija.com\/ru\/proizvod\/mareli-rubynor-dc-inverter-toplotna-pumpa-vazduh-voda-fgs\/","title":{"rendered":"Mareli RubynoR DC inverter toplotna pumpa vazduh\/voda &#8211; FGS 10kW II"},"content":{"rendered":"<p>Toplotna pumpa RubynoR FGS serije od proizvo\u0111a\u010da Mareli je moderno re\u0161enje za grejanje i hla\u0111enje objekata. Model FGS10MB (~10 kW) je monoblok ure\u0111aj koji kombinuje DC inverter tehnologiju kompresora sa ekolo\u0161kim rashladnim fluidom R32, \u0161to omogu\u0107ava visoke performanse i nisku potro\u0161nju energije. <br data-start=\"816\" data-end=\"819\" \/>FGS10MB je predvi\u0111en za upotrebu u sistemima podnog grejanja i fan-coil jedinica do ~ 200 m\u00b2.\u00a0<br data-start=\"966\" data-end=\"969\" \/>Instalacija je jednostavnija jer je ura\u0111ena u monoblok izvedbi (svi klju\u010dni elementi u jednoj jedinici) i pogodna je za renoviranja i nove objekte.<\/p>\n<p><span data-sheets-root=\"1\">U cenu pumpe ura\u010dunat je bafer od 100 litara i postolje.<\/span><\/p>\n<h3 data-start=\"2301\" data-end=\"2316\"><strong>\u041f\u0440\u0435\u0438\u043c\u0443\u0449\u0435\u0441\u0442\u0432\u0430<\/strong><\/h3>\n<ul>\n<li data-start=\"2317\" data-end=\"2409\">Velika energetska efikasnost zahvaljuju\u0107i DC inverter tehnologiji i rashladnom fluidu R32.<\/li>\n<li data-start=\"2412\" data-end=\"2499\">Monoblok izvedba \u2013 jednostavnija monta\u017ea, manje komponenti razvu\u010denih po instalaciji.<\/li>\n<li data-start=\"2502\" data-end=\"2591\">Model FGS10MB je pogodna za ku\u0107e do ~200 m\u00b2 preko podnog grejanja ili fan-coil sistema.<\/li>\n<li data-start=\"2594\" data-end=\"2742\">Pouzdan brend Mareli sa komponentama kao \u0161to su Panasonic kompresor i Carel elektronika.<\/li>\n<li data-start=\"2594\" data-end=\"2742\">Ekolo\u0161ki prihvatljivije re\u0161enje koje mo\u017ee doprineti smanjenju tro\u0161kova grejanja i klimatskom otisku.<\/li>\n<\/ul>\n<p>&nbsp;<\/p>","protected":false},"excerpt":{"rendered":"<p data-start=\"280\" data-end=\"454\">Mareli RubynoR FGS10MB \u2013 DC inverter toplotna pumpa vazduh\/voda (~10 kW), monoblok izvedba, sa gasom R32 i visokom efikasno\u0161\u0107u, pogodna za podno grejanje i fan-coil jedinice.<\/p>","protected":false},"featured_media":24606,"template":"","meta":{"_seopress_robots_primary_cat":"none","_seopress_titles_title":"","_seopress_titles_desc":"Mareli RubynoR FGS10MB DC inverter toplotna pumpa vazduh\/voda (~10 kW), monoblok, R32 \u2013 efikasno grejanje i hla\u0111enje za va\u0161 dom.","_seopress_robots_index":""},"product_brand":[4192],"product_cat":[4358,4335],"product_tag":[],"class_list":{"0":"post-24603","1":"product","2":"type-product","3":"status-publish","4":"has-post-thumbnail","6":"product_brand-mareli","7":"product_cat-mareli-rubynor-toplotne-pumpe","8":"product_cat-toplotne-pumpe","10":"first","11":"instock","12":"shipping-taxable","13":"purchasable","14":"product-type-simple"},"_links":{"self":[{"href":"https:\/\/grejanjesrbija.com\/ru\/wp-json\/wp\/v2\/product\/24603","targetHints":{"allow":["GET"]}}],"collection":[{"href":"https:\/\/grejanjesrbija.com\/ru\/wp-json\/wp\/v2\/product"}],"about":[{"href":"https:\/\/grejanjesrbija.com\/ru\/wp-json\/wp\/v2\/types\/product"}],"wp:featuredmedia":[{"embeddable":true,"href":"https:\/\/grejanjesrbija.com\/ru\/wp-json\/wp\/v2\/media\/24606"}],"wp:attachment":[{"href":"https:\/\/grejanjesrbija.com\/ru\/wp-json\/wp\/v2\/media?parent=24603"}],"wp:term":[{"taxonomy":"product_brand","embeddable":true,"href":"https:\/\/grejanjesrbija.com\/ru\/wp-json\/wp\/v2\/product_brand?post=24603"},{"taxonomy":"product_cat","embeddable":true,"href":"https:\/\/grejanjesrbija.com\/ru\/wp-json\/wp\/v2\/product_cat?post=24603"},{"taxonomy":"product_tag","embeddable":true,"href":"https:\/\/grejanjesrbija.com\/ru\/wp-json\/wp\/v2\/product_tag?post=24603"}],"curies":[{"name":"wp","href":"https:\/\/api.w.org\/{rel}","templated":true}]}}