{"id":24694,"date":"2025-11-14T15:29:22","date_gmt":"2025-11-14T14:29:22","guid":{"rendered":"https:\/\/grejanjesrbija.com\/?post_type=product&#038;p=24694"},"modified":"2026-03-14T10:23:21","modified_gmt":"2026-03-14T09:23:21","slug":"cirkulaciona-pumpa-mareli-rs-25-6","status":"publish","type":"product","link":"https:\/\/grejanjesrbija.com\/ru\/proizvod\/cirkulaciona-pumpa-mareli-rs-25-6\/","title":{"rendered":"Cirkulaciona pumpa Mareli RS 25\/6 G-180"},"content":{"rendered":"<h2><strong>Cirkulaciona pumpa Mareli RS 25\/6 <span data-sheets-root=\"1\">46-67-93w<\/span><\/strong><\/h2>\n<p>Cirkulaciona pumpa Mareli je visokokvalitetna pumpa namenjena za efikasno cirkulisanje vode u sistemima centralnog grejanja. Ova pumpa obezbe\u0111uje optimalnu cirkulaciju, \u0161to doprinosi smanjenju tro\u0161kova grejanja i pove\u0107ava udobnost u Va\u0161em prostoru.<\/p>\n<p data-start=\"175\" data-end=\"494\">Idealno re\u0161enje za ravnomerno i efikasno kru\u017eenje tople vode u sistemima centralnog grejanja i pripreme tople potro\u0161ne vode. Dizajnirana je tako da garantuje stabilan protok vode kroz cevi, \u010dime se posti\u017ee optimalna temperatura u svim prostorijama i maksimalna u\u0161teda energije.<\/p>\n<p data-start=\"496\" data-end=\"767\">Ova pumpa je jednostavna za instalaciju i kori\u0161\u0107enje, a zahvaljuju\u0107i svojoj pouzdanosti, smanjuje potrebu za \u010destim servisiranjem. Sa <span data-sheets-root=\"1\">25\/6 G-180<\/span>, Va\u0161 sistem grejanja funkcioni\u0161e tiho i efikasno, obezbe\u0111uju\u0107i komfor i konstantnu toplinu u domu ili poslovnom prostoru.<\/p>\n<p data-start=\"769\" data-end=\"1008\">Savr\u0161ena je za male i srednje sisteme grejanja, kao i za ku\u0107ne kotlarnice, gde je potrebna precizna i stabilna cirkulacija vode. Pouzdana, dugotrajna i energetski efikasna.<\/p>\n<p>Tri brzine: <span data-sheets-root=\"1\">46-67-93w<\/span><\/p>\n<p>Garancija: 2 godine<\/p>","protected":false},"excerpt":{"rendered":"<p>Cirkulaciona pumpa Mareli RS je idealno re\u0161enje za efikasnu cirkulaciju vode u sistemima grejanja. Obezbe\u0111uje visok nivo pouzdanosti i energetske efikasnosti.<\/p>","protected":false},"featured_media":24699,"template":"","meta":{"_seopress_robots_primary_cat":"none","_seopress_titles_title":"","_seopress_titles_desc":"Mareli RS \u2013 cirkulacione pumpe za grejanje, hla\u0111enje i toplu vodu. Automatsko pode\u0161avanje u tri brzine, 2 godine garancije.","_seopress_robots_index":""},"product_brand":[4192],"product_cat":[4281],"product_tag":[],"class_list":{"0":"post-24694","1":"product","2":"type-product","3":"status-publish","4":"has-post-thumbnail","6":"product_brand-mareli","7":"product_cat-pumpe-za-centralno-grejanje","9":"first","10":"instock","11":"shipping-taxable","12":"purchasable","13":"product-type-simple"},"_links":{"self":[{"href":"https:\/\/grejanjesrbija.com\/ru\/wp-json\/wp\/v2\/product\/24694","targetHints":{"allow":["GET"]}}],"collection":[{"href":"https:\/\/grejanjesrbija.com\/ru\/wp-json\/wp\/v2\/product"}],"about":[{"href":"https:\/\/grejanjesrbija.com\/ru\/wp-json\/wp\/v2\/types\/product"}],"wp:featuredmedia":[{"embeddable":true,"href":"https:\/\/grejanjesrbija.com\/ru\/wp-json\/wp\/v2\/media\/24699"}],"wp:attachment":[{"href":"https:\/\/grejanjesrbija.com\/ru\/wp-json\/wp\/v2\/media?parent=24694"}],"wp:term":[{"taxonomy":"product_brand","embeddable":true,"href":"https:\/\/grejanjesrbija.com\/ru\/wp-json\/wp\/v2\/product_brand?post=24694"},{"taxonomy":"product_cat","embeddable":true,"href":"https:\/\/grejanjesrbija.com\/ru\/wp-json\/wp\/v2\/product_cat?post=24694"},{"taxonomy":"product_tag","embeddable":true,"href":"https:\/\/grejanjesrbija.com\/ru\/wp-json\/wp\/v2\/product_tag?post=24694"}],"curies":[{"name":"wp","href":"https:\/\/api.w.org\/{rel}","templated":true}]}}