{"id":24846,"date":"2025-11-18T11:35:53","date_gmt":"2025-11-18T10:35:53","guid":{"rendered":"https:\/\/grejanjesrbija.com\/?post_type=product&#038;p=24846"},"modified":"2026-01-29T11:03:37","modified_gmt":"2026-01-29T10:03:37","slug":"zicani-sobni-termostat-programabilni-nero-w7","status":"publish","type":"product","link":"https:\/\/grejanjesrbija.com\/ru\/proizvod\/zicani-sobni-termostat-programabilni-nero-w7\/","title":{"rendered":"\u017di\u010dani sobni termostat programabilni Nero W7-Beli"},"content":{"rendered":"<p>Termostat Nero W7 je \u017ei\u010dni model koji se povezuje direktno na grejni sistem (kotao, pumpa, ventil) i omogu\u0107ava unapred definisane dnevne i nedeljne vremenske rasporede grejanja. Uz njega mo\u017ee\u0161 podesiti razli\u010dite temperaturne nivoe za svaki dan u nedelji, uz mogu\u0107nost vi\u0161e faza grejanja.<br data-start=\"650\" data-end=\"653\" \/>Ovaj model nudi preciznost rada (npr. \u00b10,2 \u00b0C kod sli\u010dnih modela brenda).\u00a0<br data-start=\"764\" data-end=\"767\" \/>Programiranje je jednostavno: korisnik bira \u017eeljene sate i temperature, mo\u017ee kopirati programe izme\u0111u dana (\u201efunkcija COPY\u201c) i koristiti posebne re\u017eime kao \u0161to su \u201eparty-program\u201c, \u201eodmor\/holiday\u201c. <br data-start=\"1001\" data-end=\"1004\" \/>Model W7 je idealan za stambene i manje poslovne objekte, gde se \u017eeli dobar balans izme\u0111u udobnosti i u\u0161tede energije.<\/p>\n<h3 data-start=\"2001\" data-end=\"2016\"><strong>\u041f\u0440\u0435\u0438\u043c\u0443\u0449\u0435\u0441\u0442\u0432\u0430<\/strong><\/h3>\n<ul>\n<li data-start=\"2019\" data-end=\"2142\">Omogu\u0107ava preciznu regulaciju temperature i unapred definisane rasporede \u2014 bolja udobnost i manja potro\u0161nja energije.<\/li>\n<li data-start=\"2145\" data-end=\"2258\">\u017di\u010dana veza osigurava stabilan rad i nema potrebe za baterijama ili be\u017ei\u010dnim signalima koji mogu imati smetnje.<\/li>\n<li data-start=\"2261\" data-end=\"2375\">Fleksibilan programski re\u017eim: prilago\u0111avanje za svaki dan, razli\u010dite temperature, posebni re\u017eimi za odmor\/party.<\/li>\n<li data-start=\"2378\" data-end=\"2464\">Jednostavna upotreba i monta\u017ea \u2014 idealan za renovacije ili zamenu starog termostata.<\/li>\n<li data-start=\"2467\" data-end=\"2539\">Poma\u017ee u u\u0161tedi energije zahvaljuju\u0107i optimizaciji rada grejnog sistema.<\/li>\n<li data-start=\"2467\" data-end=\"2539\">Mogu\u0107nost izbora boje &#8211; crna i bela.<\/li>\n<\/ul>\n<div style=\"width: 503px; max-width: 100%; margin: 0;\"><iframe title=\"Video za proizvod\" src=\"https:\/\/www.youtube.com\/embed\/X2OZoX1l9bk?si=I2dz5i7xp9-rUYzy\" width=\"503\" height=\"283\" frameborder=\"0\" allowfullscreen=\"allowfullscreen\"><br \/>\n<\/iframe><\/div>","protected":false},"excerpt":{"rendered":"<p data-start=\"209\" data-end=\"336\">Nero W7 \u2013 \u017ei\u010dni programabilni sobni termostat sa sedmodnevnim programima, za preciznu regulaciju temperature u grejnom sistemu.<\/p>","protected":false},"featured_media":24849,"template":"","meta":{"_seopress_robots_primary_cat":"none","_seopress_titles_title":"","_seopress_titles_desc":"Nero W7 \u017ei\u010dni programabilni sobni termostat \u2013 sedmodnevni program, precizna regulacija temperature, stabilna \u017ei\u010dana veza, idealan za grejne sisteme.","_seopress_robots_index":""},"product_brand":[4338],"product_cat":[4317],"product_tag":[],"class_list":{"0":"post-24846","1":"product","2":"type-product","3":"status-publish","4":"has-post-thumbnail","6":"product_brand-nero","7":"product_cat-sobni-termostati","9":"first","10":"instock","11":"shipping-taxable","12":"purchasable","13":"product-type-simple"},"_links":{"self":[{"href":"https:\/\/grejanjesrbija.com\/ru\/wp-json\/wp\/v2\/product\/24846","targetHints":{"allow":["GET"]}}],"collection":[{"href":"https:\/\/grejanjesrbija.com\/ru\/wp-json\/wp\/v2\/product"}],"about":[{"href":"https:\/\/grejanjesrbija.com\/ru\/wp-json\/wp\/v2\/types\/product"}],"wp:featuredmedia":[{"embeddable":true,"href":"https:\/\/grejanjesrbija.com\/ru\/wp-json\/wp\/v2\/media\/24849"}],"wp:attachment":[{"href":"https:\/\/grejanjesrbija.com\/ru\/wp-json\/wp\/v2\/media?parent=24846"}],"wp:term":[{"taxonomy":"product_brand","embeddable":true,"href":"https:\/\/grejanjesrbija.com\/ru\/wp-json\/wp\/v2\/product_brand?post=24846"},{"taxonomy":"product_cat","embeddable":true,"href":"https:\/\/grejanjesrbija.com\/ru\/wp-json\/wp\/v2\/product_cat?post=24846"},{"taxonomy":"product_tag","embeddable":true,"href":"https:\/\/grejanjesrbija.com\/ru\/wp-json\/wp\/v2\/product_tag?post=24846"}],"curies":[{"name":"wp","href":"https:\/\/api.w.org\/{rel}","templated":true}]}}