{"id":24861,"date":"2025-11-18T12:28:14","date_gmt":"2025-11-18T11:28:14","guid":{"rendered":"https:\/\/grejanjesrbija.com\/?post_type=product&#038;p=24861"},"modified":"2026-01-27T09:24:55","modified_gmt":"2026-01-27T08:24:55","slug":"bezicni-sobni-termostat-dnevni-nero-wl3-rf","status":"publish","type":"product","link":"https:\/\/grejanjesrbija.com\/ru\/proizvod\/bezicni-sobni-termostat-dnevni-nero-wl3-rf\/","title":{"rendered":"Be\u017ei\u010dni sobni termostat dnevni Nero WL3-RF- Crni"},"content":{"rendered":"<p>Termostat Nero WL3-RF je be\u017ei\u010dni (\u201eRF\u201d) model koji se sastoji od prijemnika (koji se povezuje na kotao ili grejni sistem) i termostatske jedinice koja se postavlja u prostoriji, bez potrebe za dodatnim o\u017ei\u010denjem.<br data-start=\"849\" data-end=\"852\" \/>Kori\u0161\u0107enje be\u017ei\u010dne komunikacije omogu\u0107ava fleksibilniju monta\u017eu \u2014 termostat se mo\u017ee postaviti u optimalnu poziciju u prostoru bez obzira na kotao ili razvod grejanja.\u00a0<br data-start=\"1151\" data-end=\"1154\" \/>Ure\u0111aj se koristi za regulaciju temperature prostora \u2014 korisnik pode\u0161ava \u017eeljenu temperaturu, termostat meri stvarnu temperaturu i kada ta vrednost padne ispod pode\u0161ene (uz odre\u0111enu toleranciju), \u0161alje signal prijemniku da uklju\u010di grejni sistem, i obrnuto kada temperatura dostigne ili pre\u0111e pode\u0161enu granicu.<\/p>\n<h3 data-start=\"2630\" data-end=\"2648\"><strong>\u041f\u0440\u0435\u0438\u043c\u0443\u0449\u0435\u0441\u0442\u0432\u0430<\/strong><\/h3>\n<ul>\n<li data-start=\"2651\" data-end=\"2747\">Instalacija bez dodatnih kablova izme\u0111u termostata i kotla \u2014 jednostavnija i urednija monta\u017ea.<\/li>\n<li data-start=\"2750\" data-end=\"2857\">Kompatibilan sa ve\u0107inom grejnih sistema, omogu\u0107avaju\u0107i brzu zamenu klasi\u010dnog termostata za be\u017ei\u010dni model.<\/li>\n<li data-start=\"2860\" data-end=\"2954\">Visoka preciznost u regulaciji temperature zna\u010di bolju udobnost i mogu\u0107nost u\u0161tede energije.<\/li>\n<li data-start=\"2957\" data-end=\"3041\">Mogu\u0107nost monta\u017ee na idealnu poziciju u prostoriji (bez ograni\u010denja zbog kablova).<\/li>\n<li data-start=\"3044\" data-end=\"3127\">Prakti\u010dan i prakti\u010dan \u2013 idealan za standardne grejne sisteme u stambenim objektima.<\/li>\n<li data-start=\"3044\" data-end=\"3127\">Mogu\u0107nost izbora boje &#8211; crna ili bela.<\/li>\n<\/ul>","protected":false},"excerpt":{"rendered":"<p data-start=\"408\" data-end=\"607\">Be\u017ei\u010dni sobni termostat Nero WL3-RF \u2013 jednostavan dnevni termostat bez naprednog programiranja, koji omogu\u0107ava be\u017ei\u010dno upravljanje temperaturom i kompatibilan je sa ve\u0107inom kotlova i grejnih sistema.<\/p>","protected":false},"featured_media":24869,"template":"","meta":{"_seopress_robots_primary_cat":"none","_seopress_titles_title":"","_seopress_titles_desc":"Nero WL3-RF be\u017ei\u010dni sobni termostat \u2013 be\u017ei\u010dno upravljanje temperaturom, kompatibilan sa ve\u0107inom kotlova, precizna regulacija i jednostavna monta\u017ea.","_seopress_robots_index":""},"product_brand":[4338],"product_cat":[4317],"product_tag":[],"class_list":{"0":"post-24861","1":"product","2":"type-product","3":"status-publish","4":"has-post-thumbnail","6":"product_brand-nero","7":"product_cat-sobni-termostati","9":"first","10":"instock","11":"shipping-taxable","12":"purchasable","13":"product-type-simple"},"_links":{"self":[{"href":"https:\/\/grejanjesrbija.com\/ru\/wp-json\/wp\/v2\/product\/24861","targetHints":{"allow":["GET"]}}],"collection":[{"href":"https:\/\/grejanjesrbija.com\/ru\/wp-json\/wp\/v2\/product"}],"about":[{"href":"https:\/\/grejanjesrbija.com\/ru\/wp-json\/wp\/v2\/types\/product"}],"wp:featuredmedia":[{"embeddable":true,"href":"https:\/\/grejanjesrbija.com\/ru\/wp-json\/wp\/v2\/media\/24869"}],"wp:attachment":[{"href":"https:\/\/grejanjesrbija.com\/ru\/wp-json\/wp\/v2\/media?parent=24861"}],"wp:term":[{"taxonomy":"product_brand","embeddable":true,"href":"https:\/\/grejanjesrbija.com\/ru\/wp-json\/wp\/v2\/product_brand?post=24861"},{"taxonomy":"product_cat","embeddable":true,"href":"https:\/\/grejanjesrbija.com\/ru\/wp-json\/wp\/v2\/product_cat?post=24861"},{"taxonomy":"product_tag","embeddable":true,"href":"https:\/\/grejanjesrbija.com\/ru\/wp-json\/wp\/v2\/product_tag?post=24861"}],"curies":[{"name":"wp","href":"https:\/\/api.w.org\/{rel}","templated":true}]}}