{"id":24873,"date":"2025-11-18T12:34:04","date_gmt":"2025-11-18T11:34:04","guid":{"rendered":"https:\/\/grejanjesrbija.com\/?post_type=product&#038;p=24873"},"modified":"2026-01-29T11:04:04","modified_gmt":"2026-01-29T10:04:04","slug":"bezicni-sobni-termostat-programabilni-nedeljno-nero-wl7-rf","status":"publish","type":"product","link":"https:\/\/grejanjesrbija.com\/ru\/proizvod\/bezicni-sobni-termostat-programabilni-nedeljno-nero-wl7-rf\/","title":{"rendered":"Be\u017ei\u010dni sobni termostat programabilni nedeljno Nero WL7-RF"},"content":{"rendered":"<p>Termostat Nero WL7-RF omogu\u0107ava korisniku da za svaki dan u nedelji defini\u0161e vlastiti temperaturni program \u2014 prilago\u0111avanje periodima dana, no\u0107i, vikenda i sl.\u00a0<br data-start=\"863\" data-end=\"866\" \/>Kompaktan je, sa \u017ei\u010dnim prijemnikom koji se povezuje na kotao ili grejni sistem, dok se glavna termostatska jedinica montira u prostoriji i radi be\u017ei\u010dno (RF). Tako se izbegava dodatno kabliranje izme\u0111u zida i sistema.<br data-start=\"1083\" data-end=\"1086\" \/>Preciznost regulacije je visoka: kod sli\u010dnih modela \u00b1 0,2 \u00b0C.\u00a0<br data-start=\"1185\" data-end=\"1188\" \/>U ponudi su re\u017eimi poput \u201eParty\u201c, \u201eOdmor \/ Holiday\u201c, mogu\u0107nost privremene ru\u010dne promene programa i funkcije za\u0161tite ure\u0111aja (pumpa, kotao).<\/p>\n<p>Dostupan je u crnoj boji.<\/p>\n<h3 data-start=\"2753\" data-end=\"2768\"><strong>\u041f\u0440\u0435\u0438\u043c\u0443\u0449\u0435\u0441\u0442\u0432\u0430<\/strong><\/h3>\n<ul>\n<li data-start=\"2771\" data-end=\"2897\">Omogu\u0107ava preciznu i fleksibilnu kontrolu temperature za svaki dan i period \u2014 bolja udobnost i manja potro\u0161nja energije.<\/li>\n<li data-start=\"2900\" data-end=\"2997\">Be\u017ei\u010dna RF komunikacija izme\u0111u termostata i prijemnika \u2014 laka ugradnja bez dodatnog kabliranja.<\/li>\n<li data-start=\"3000\" data-end=\"3092\">Kompatibilan sa ve\u0107inom grejnih sistema (kotlovi, radijatori, sistemi niskih temperatura).<\/li>\n<li data-start=\"3095\" data-end=\"3221\">Funkcije dodatne udobnosti (Party-program, Holiday-program) omogu\u0107avaju prilago\u0111avanje re\u017eima prema na\u010dinu \u017eivota korisnika..<\/li>\n<\/ul>\n<div style=\"width: 503px; max-width: 100%; margin: 0;\"><iframe title=\"Video za proizvod\" src=\"https:\/\/www.youtube.com\/embed\/X2OZoX1l9bk?si=I2dz5i7xp9-rUYzy\" width=\"503\" height=\"283\" frameborder=\"0\" allowfullscreen=\"allowfullscreen\"><br \/>\n<\/iframe><\/div>","protected":false},"excerpt":{"rendered":"<p data-start=\"408\" data-end=\"586\">Nero WL7-RF \u2013 be\u017ei\u010dni sobni termostat programabilnog tipa sa sedmodnevnim rasporedom, be\u017ei\u010dnom RF vezom i \u017ei\u010danim prijemnikom \u2013 za pouzdanu kontrolu grejanja sa u\u0161tedom energije.<\/p>","protected":false},"featured_media":24877,"template":"","meta":{"_seopress_robots_primary_cat":"none","_seopress_titles_title":"","_seopress_titles_desc":"Nero WL7-RF \u2013 be\u017ei\u010dni programabilni sobni termostat sa RF vezom i sedmodnevnim rasporedom za grejanje. Precizna regulacija, jednostavna monta\u017ea.","_seopress_robots_index":""},"product_brand":[4338],"product_cat":[4317],"product_tag":[],"class_list":{"0":"post-24873","1":"product","2":"type-product","3":"status-publish","4":"has-post-thumbnail","6":"product_brand-nero","7":"product_cat-sobni-termostati","9":"first","10":"instock","11":"shipping-taxable","12":"purchasable","13":"product-type-simple"},"_links":{"self":[{"href":"https:\/\/grejanjesrbija.com\/ru\/wp-json\/wp\/v2\/product\/24873","targetHints":{"allow":["GET"]}}],"collection":[{"href":"https:\/\/grejanjesrbija.com\/ru\/wp-json\/wp\/v2\/product"}],"about":[{"href":"https:\/\/grejanjesrbija.com\/ru\/wp-json\/wp\/v2\/types\/product"}],"wp:featuredmedia":[{"embeddable":true,"href":"https:\/\/grejanjesrbija.com\/ru\/wp-json\/wp\/v2\/media\/24877"}],"wp:attachment":[{"href":"https:\/\/grejanjesrbija.com\/ru\/wp-json\/wp\/v2\/media?parent=24873"}],"wp:term":[{"taxonomy":"product_brand","embeddable":true,"href":"https:\/\/grejanjesrbija.com\/ru\/wp-json\/wp\/v2\/product_brand?post=24873"},{"taxonomy":"product_cat","embeddable":true,"href":"https:\/\/grejanjesrbija.com\/ru\/wp-json\/wp\/v2\/product_cat?post=24873"},{"taxonomy":"product_tag","embeddable":true,"href":"https:\/\/grejanjesrbija.com\/ru\/wp-json\/wp\/v2\/product_tag?post=24873"}],"curies":[{"name":"wp","href":"https:\/\/api.w.org\/{rel}","templated":true}]}}