{"id":24880,"date":"2025-11-18T13:00:38","date_gmt":"2025-11-18T12:00:38","guid":{"rendered":"https:\/\/grejanjesrbija.com\/?post_type=product&#038;p=24880"},"modified":"2026-01-27T09:35:21","modified_gmt":"2026-01-27T08:35:21","slug":"bezicni-sobni-termostat-programabilni-nedeljno-nero-wl7-rf-wi-fi","status":"publish","type":"product","link":"https:\/\/grejanjesrbija.com\/ru\/proizvod\/bezicni-sobni-termostat-programabilni-nedeljno-nero-wl7-rf-wi-fi\/","title":{"rendered":"Be\u017ei\u010dni sobni termostat programabilni nedeljno Nero WL7-RF Wi-fi -Crni"},"content":{"rendered":"<p>Termostat Nero WL7-RF Wi-Fi je be\u017ei\u010dni ure\u0111aj koji se sastoji od sobne jedinice (koja se montira u prostoriji) i prijemnika povezanog sa grejnim sistemom (kotao, pumpa ili ventil). Zahvaljuju\u0107i Wi-Fi povezivanju, korisnik mo\u017ee da upravlja temperaturom i rasporedom grejanja sa mobilnog telefona ili tableta \u2014 idealno za modernu pametnu ku\u0107u.<br data-start=\"881\" data-end=\"884\" \/>Model podr\u017eava sedmodnevno programiranje: defini\u0161ete za svaki dan u nedelji vi\u0161e vremenskih intervala sa razli\u010ditim temperaturama (na primer \u201edan\u201c, \u201eno\u0107\u201c, \u201eodlazak\u201c, \u201epovratak\u201c). Pored toga, imaju\u0107i Wi-Fi vezu omogu\u0107ava integracije sa drugim pametnim sistemima (smart home).<br data-start=\"1158\" data-end=\"1161\" \/>Be\u017ei\u010dni na\u010din rada zna\u010di da nije potrebno dodatno kabliranje izme\u0111u termostata i prijemnika \u2014 monta\u017ea je br\u017ea, preglednija i estetski prihvatljivija.<\/p>\n<h3><strong>\u041f\u0440\u0435\u0438\u043c\u0443\u0449\u0435\u0441\u0442\u0432\u0430<\/strong><\/h3>\n<ul>\n<li data-start=\"2708\" data-end=\"2824\">Omogu\u0107ava daljinsku kontrolu grejanja putem Wi-Fi-a \u2014 idealno za korisnike koji \u017eele upravljanje i izvan doma.<\/li>\n<li data-start=\"2827\" data-end=\"2970\">Sedmodnevno programiranje po danima omogu\u0107ava pode\u0161avanje temperature prema dnevnim i vikend-rutinaama, \u0161to mo\u017ee smanjiti potro\u0161nju energije.<\/li>\n<li data-start=\"2973\" data-end=\"3068\">Be\u017ei\u010dna monta\u017ea sobne jedinice (bez kablova) olak\u0161ava instalaciju i estetski je prihvatljiva.<\/li>\n<li data-start=\"3071\" data-end=\"3175\">Kompatibilan sa \u0161irokim spektrom grejnih sistema \u2014 zamena klasi\u010dnog termostata za moderan Wi-Fi model.<\/li>\n<li data-start=\"3178\" data-end=\"3281\">Pomo\u0107 u u\u0161tedi energije zahvaljuju\u0107i boljoj regulaciji i mogu\u0107nosti pra\u0107enja i prilago\u0111avanja grejanja.<\/li>\n<li data-start=\"3178\" data-end=\"3281\">Mogu\u0107nost izbora boje &#8211; crna ili bela.<\/li>\n<\/ul>","protected":false},"excerpt":{"rendered":"<p data-start=\"284\" data-end=\"513\">Nero WL7-RF Wi-Fi \u2013 be\u017ei\u010dni sobni termostat sa Wi-Fi povezivanjem i sedmodnevnim programiranjem. Omogu\u0107ava daljinsku kontrolu grejanja putem aplikacije, kao i maksimalnu fleksibilnost u regulaciji temperature po danima u nedelji.<\/p>","protected":false},"featured_media":24890,"template":"","meta":{"_seopress_robots_primary_cat":"none","_seopress_titles_title":"Nero WL7-RF WiFi: Pametan termostat za grejanje","_seopress_titles_desc":"Nero WL7-RF Wi-Fi be\u017ei\u010dni sobni termostat \u2013 sedmodnevni program, daljinska kontrola putem aplikacije, kompatibilan sa modernim grejnim sistemima.","_seopress_robots_index":""},"product_brand":[4338],"product_cat":[4317],"product_tag":[],"class_list":{"0":"post-24880","1":"product","2":"type-product","3":"status-publish","4":"has-post-thumbnail","6":"product_brand-nero","7":"product_cat-sobni-termostati","9":"first","10":"instock","11":"shipping-taxable","12":"purchasable","13":"product-type-simple"},"_links":{"self":[{"href":"https:\/\/grejanjesrbija.com\/ru\/wp-json\/wp\/v2\/product\/24880","targetHints":{"allow":["GET"]}}],"collection":[{"href":"https:\/\/grejanjesrbija.com\/ru\/wp-json\/wp\/v2\/product"}],"about":[{"href":"https:\/\/grejanjesrbija.com\/ru\/wp-json\/wp\/v2\/types\/product"}],"wp:featuredmedia":[{"embeddable":true,"href":"https:\/\/grejanjesrbija.com\/ru\/wp-json\/wp\/v2\/media\/24890"}],"wp:attachment":[{"href":"https:\/\/grejanjesrbija.com\/ru\/wp-json\/wp\/v2\/media?parent=24880"}],"wp:term":[{"taxonomy":"product_brand","embeddable":true,"href":"https:\/\/grejanjesrbija.com\/ru\/wp-json\/wp\/v2\/product_brand?post=24880"},{"taxonomy":"product_cat","embeddable":true,"href":"https:\/\/grejanjesrbija.com\/ru\/wp-json\/wp\/v2\/product_cat?post=24880"},{"taxonomy":"product_tag","embeddable":true,"href":"https:\/\/grejanjesrbija.com\/ru\/wp-json\/wp\/v2\/product_tag?post=24880"}],"curies":[{"name":"wp","href":"https:\/\/api.w.org\/{rel}","templated":true}]}}