{"id":25060,"date":"2025-11-22T11:15:37","date_gmt":"2025-11-22T10:15:37","guid":{"rendered":"https:\/\/grejanjesrbija.com\/?post_type=product&#038;p=25060"},"modified":"2025-11-22T11:22:21","modified_gmt":"2025-11-22T10:22:21","slug":"kotao-sukoplam-50kw-bios","status":"publish","type":"product","link":"https:\/\/grejanjesrbija.com\/ru\/proizvod\/kotao-sukoplam-50kw-bios\/","title":{"rendered":"Kotao \u0160ukoplam 50kW BIOS"},"content":{"rendered":"<h2><strong>Kotao \u0160ukoplam 50kW BIOS<\/strong><\/h2>\n<p>Kotao \u0160ukoplam BIOS raspona snage je konstruisan za sagorevanje balirane biomase (npr. slama) i drugih oblika \u010dvrstog goriva.\u00a0 Model 50 kW (u rasponu 50-65 kW) je dizajniran za objekte srednje do ve\u0107e veli\u010dine. Telo kotla je izra\u0111eno kao tropromajni sistem \u2014 dimni gasovi prolaze kroz lo\u017ei\u0161te, vodom hla\u0111enu pregradu i cevni snop, \u0161to omogu\u0107ava maksimalnu predaju toplote vodi.\u00a0 Kotao ima vrata dimenzija 600\u00d7550\u00d71000\u202fmm pogodnih za balirane bale, ventilator za dimne gasove, automatiku i sistem za regulaciju sagorevanja.\u00a0<br data-start=\"1056\" data-end=\"1059\" \/>Namenjen je za radne re\u017eime vode 110\/90 \u00b0C ili 90\/70 \u00b0C uz maksimalan radni pritisak 2,5 bar.<\/p>\n<h3 data-start=\"2192\" data-end=\"2207\"><strong>\u041f\u0440\u0435\u0438\u043c\u0443\u0449\u0435\u0441\u0442\u0432\u0430<\/strong><\/h3>\n<ul>\n<li data-start=\"2210\" data-end=\"2270\">Visoka efikasnost zahvaljuju\u0107i trostrukoj razmeni toplote.<\/li>\n<li data-start=\"2273\" data-end=\"2338\">Fleksibilnost izbora goriva (balirana biomasa + \u010dvrsto gorivo).<\/li>\n<li data-start=\"2341\" data-end=\"2409\">Ventilator dimnih gasova i automatika za optimizaciju sagorevanja.<\/li>\n<li data-start=\"2412\" data-end=\"2465\">Pouzdan i robustan kotao za srednje i ve\u0107e objekte.<\/li>\n<\/ul>\n<p>&nbsp;<\/p>","protected":false},"excerpt":{"rendered":"<p data-start=\"116\" data-end=\"328\">Kotao \u0160ukoplam BIOS 50 kW \u2014 \u010deli\u010dni kotao tipa BIOS (biomasa, balirana slama, \u010dvrsto gorivo) sa ventilatorom dimnih gasova, trostrukom razmenom toplote i visokim iskori\u0161\u0107enjem \u2014 idealan za ve\u0107e objektne povr\u0161ine.<\/p>","protected":false},"featured_media":16233,"template":"","meta":{"_seopress_robots_primary_cat":"none","_seopress_titles_title":"","_seopress_titles_desc":"Kotao \u0160ukoplam BIOS 50 kW \u2013 \u010deli\u010dni kotao za baliranu biomasu i \u010dvrsto gorivo, tropromajni sistem, visokog iskori\u0161\u0107enja, pouzdan za grejanje ve\u0107ih objekata.","_seopress_robots_index":""},"product_brand":[4200],"product_cat":[4235],"product_tag":[],"class_list":{"0":"post-25060","1":"product","2":"type-product","3":"status-publish","4":"has-post-thumbnail","6":"product_brand-sukom","7":"product_cat-kotlovi-na-biomasu","9":"first","10":"instock","11":"shipping-taxable","12":"purchasable","13":"product-type-simple"},"_links":{"self":[{"href":"https:\/\/grejanjesrbija.com\/ru\/wp-json\/wp\/v2\/product\/25060","targetHints":{"allow":["GET"]}}],"collection":[{"href":"https:\/\/grejanjesrbija.com\/ru\/wp-json\/wp\/v2\/product"}],"about":[{"href":"https:\/\/grejanjesrbija.com\/ru\/wp-json\/wp\/v2\/types\/product"}],"wp:featuredmedia":[{"embeddable":true,"href":"https:\/\/grejanjesrbija.com\/ru\/wp-json\/wp\/v2\/media\/16233"}],"wp:attachment":[{"href":"https:\/\/grejanjesrbija.com\/ru\/wp-json\/wp\/v2\/media?parent=25060"}],"wp:term":[{"taxonomy":"product_brand","embeddable":true,"href":"https:\/\/grejanjesrbija.com\/ru\/wp-json\/wp\/v2\/product_brand?post=25060"},{"taxonomy":"product_cat","embeddable":true,"href":"https:\/\/grejanjesrbija.com\/ru\/wp-json\/wp\/v2\/product_cat?post=25060"},{"taxonomy":"product_tag","embeddable":true,"href":"https:\/\/grejanjesrbija.com\/ru\/wp-json\/wp\/v2\/product_tag?post=25060"}],"curies":[{"name":"wp","href":"https:\/\/api.w.org\/{rel}","templated":true}]}}