{"id":25069,"date":"2025-11-22T11:29:24","date_gmt":"2025-11-22T10:29:24","guid":{"rendered":"https:\/\/grejanjesrbija.com\/?post_type=product&#038;p=25069"},"modified":"2025-11-22T13:27:09","modified_gmt":"2025-11-22T12:27:09","slug":"crevo-za-gas-inox-800mm-1-2-atom","status":"publish","type":"product","link":"https:\/\/grejanjesrbija.com\/ru\/proizvod\/crevo-za-gas-inox-800mm-1-2-atom\/","title":{"rendered":"Crevo za gas inox 800mm 1\/2 Atom"},"content":{"rendered":"<p>Crevo za gas ATOM dimenzije 1\/2\u2033 \u00d7 800 mm izra\u0111eno je od prohromske (ner\u0111aju\u0107e) \u010deli\u010dne pletenice i presvu\u010deno specijalnom \u017eutom folijom koja ozna\u010dava da je namenjeno za gasne instalacije. <br data-start=\"795\" data-end=\"798\" \/>Ovaj tip creva koristi se za fleksibilno povezivanje gasnih potro\u0161a\u010da (kao \u0161to su gasni kotlovi, bojleri) sa fiksnom gasnom instalacijom, omogu\u0107avaju\u0107i elasti\u010dno montiranje bez potrebe za zavarivanjem ili krutim spojnicama. Standardno ima priklju\u010dak mu\u0161ki-\u017eenski 1\/2\u2033\u00d71\/2\u2033 navoj. <br data-start=\"1115\" data-end=\"1118\" \/>Preporu\u010duje se upotreba u skladu sa propisima za gasne instalacije.<\/p>\n<h3 data-start=\"2385\" data-end=\"2400\"><strong>\u041f\u0440\u0435\u0438\u043c\u0443\u0449\u0435\u0441\u0442\u0432\u0430<\/strong><\/h3>\n<ul>\n<li data-start=\"2403\" data-end=\"2535\">Visoka sigurnost i kvalitet zahvaljuju\u0107i konstrukciji od ner\u0111aju\u0107eg \u010delika (prohroma) \u2013 otpornost na koroziju i mehani\u010dke napore.<\/li>\n<li data-start=\"2538\" data-end=\"2641\">Fleksibilnost pri monta\u017ei \u2013 omogu\u0107ava lak\u0161e spajanje gasnog potro\u0161a\u010da bez potrebe za rigidnim cevima.<\/li>\n<li data-start=\"2644\" data-end=\"2749\">Standardna du\u017eina 800 mm i navoj 1\/2\u2033 \u010dine ga prikladnim za ve\u0107inu ku\u0107nih i profesionalnih instalacija.<\/li>\n<li data-start=\"2752\" data-end=\"2882\">\u017duta folija pru\u017ea vizuelnu identifikaciju da je proizvod namenjen za gas, \u0161to pove\u0107ava sigurnost prilikom ugradnje i inspekcije.<\/li>\n<\/ul>","protected":false},"excerpt":{"rendered":"<p data-start=\"274\" data-end=\"448\">Inox crevo za gas ATOM 1\/2\u2033 \u00d7 800 mm \u2013 fleksibilno metalno crevo od ner\u0111aju\u0107eg \u010delika (prohroma) sa \u017eutom za\u0161titnom folijom, namenjeno bezbednom povezivanju gasnih potro\u0161a\u010da.<\/p>","protected":false},"featured_media":16794,"template":"","meta":{"_seopress_robots_primary_cat":"none","_seopress_titles_title":"","_seopress_titles_desc":"ATOM inox crevo za gas 1\/2\u2033 \u00d7 800 mm \u2013 fleksibilno prohromsko crevo sa \u017eutom folijom za sigurnu gasnu instalaciju. Idealno za kotlove i bojlere.","_seopress_robots_index":""},"product_brand":[4331],"product_cat":[4332],"product_tag":[],"class_list":{"0":"post-25069","1":"product","2":"type-product","3":"status-publish","4":"has-post-thumbnail","6":"product_brand-atom","7":"product_cat-creva-za-gas","9":"first","10":"instock","11":"shipping-taxable","12":"purchasable","13":"product-type-simple"},"_links":{"self":[{"href":"https:\/\/grejanjesrbija.com\/ru\/wp-json\/wp\/v2\/product\/25069","targetHints":{"allow":["GET"]}}],"collection":[{"href":"https:\/\/grejanjesrbija.com\/ru\/wp-json\/wp\/v2\/product"}],"about":[{"href":"https:\/\/grejanjesrbija.com\/ru\/wp-json\/wp\/v2\/types\/product"}],"wp:featuredmedia":[{"embeddable":true,"href":"https:\/\/grejanjesrbija.com\/ru\/wp-json\/wp\/v2\/media\/16794"}],"wp:attachment":[{"href":"https:\/\/grejanjesrbija.com\/ru\/wp-json\/wp\/v2\/media?parent=25069"}],"wp:term":[{"taxonomy":"product_brand","embeddable":true,"href":"https:\/\/grejanjesrbija.com\/ru\/wp-json\/wp\/v2\/product_brand?post=25069"},{"taxonomy":"product_cat","embeddable":true,"href":"https:\/\/grejanjesrbija.com\/ru\/wp-json\/wp\/v2\/product_cat?post=25069"},{"taxonomy":"product_tag","embeddable":true,"href":"https:\/\/grejanjesrbija.com\/ru\/wp-json\/wp\/v2\/product_tag?post=25069"}],"curies":[{"name":"wp","href":"https:\/\/api.w.org\/{rel}","templated":true}]}}