{"id":25102,"date":"2025-11-22T14:11:11","date_gmt":"2025-11-22T13:11:11","guid":{"rendered":"https:\/\/grejanjesrbija.com\/?post_type=product&#038;p=25102"},"modified":"2025-11-22T14:12:39","modified_gmt":"2025-11-22T13:12:39","slug":"crevo-za-gas-inox-2000mm-3-4-atom","status":"publish","type":"product","link":"https:\/\/grejanjesrbija.com\/ru\/proizvod\/crevo-za-gas-inox-2000mm-3-4-atom\/","title":{"rendered":"Crevo za gas inox 2000mm 3\/4 Atom"},"content":{"rendered":"<p data-start=\"119\" data-end=\"481\">Crevo za gas inox 3\/4 \u2013 2000 mm Atom je profesionalno fleksibilno priklju\u010dno crevo izra\u0111eno od visokokvalitetnog ner\u0111aju\u0107eg \u010delika i presvu\u010deno specijalnom \u017eutom folijom koja ozna\u010dava da je za gasne instalacije, namenjeno za sigurno i pouzdano povezivanje gasnih ure\u0111aja ve\u0107ih protoka. Zahvaljuju\u0107i pre\u010dniku od 3\/4&#8243;, ovo crevo obezbe\u0111uje stabilan i neometan protok gasa, \u0161to ga \u010dini idealnim za zahtevnije instalacije i ve\u0107e potro\u0161a\u010de.<br \/>\nDu\u017eina od 2000 mm omogu\u0107ava jednostavnu monta\u017eu , uz maksimalnu fleksibilnost i sigurnost.<\/p>\n<h3 data-start=\"945\" data-end=\"962\"><strong data-start=\"949\" data-end=\"962\">\u041f\u0440\u0435\u0438\u043c\u0443\u0449\u0435\u0441\u0442\u0432\u0430<\/strong><\/h3>\n<ul>\n<li>Ve\u0107i protok gasa zahvaljuju\u0107i priklju\u010dku 3\/4&#8243;<\/li>\n<li data-start=\"1014\" data-end=\"1075\">Velika du\u017eina (2 m) olak\u0161ava monta\u017eu na udaljenim ure\u0111ajima<\/li>\n<li>Jednostavna monta\u017ea i dobro prilago\u0111avanje prostoru<\/li>\n<li>Stabilan i siguran rad gasnih ure\u0111aja<\/li>\n<li>Pogodno za profesionalne i ku\u0107ne instalacije<\/li>\n<li>Otpornost na koroziju, temperaturu i pritisak<\/li>\n<li>Sertifikovano za gasne instalacije<\/li>\n<li>Dug vek trajanja i pouzdanost u radu<\/li>\n<\/ul>","protected":false},"excerpt":{"rendered":"<p data-start=\"1427\" data-end=\"1582\">Crevo za gas inox 3\/4 \u2013 2000 mm Atom. Fleksibilno i izdr\u017eljivo crevo za sigurno povezivanje kotlova, bojlera i profesionalnih gasnih ure\u0111aja ve\u0107eg protoka.<\/p>\n<h2 data-start=\"1584\" data-end=\"1603\"><\/h2>","protected":false},"featured_media":16900,"template":"","meta":{"_seopress_robots_primary_cat":"none","_seopress_titles_title":"","_seopress_titles_desc":"Crevo za gas inox 3\/4 \u2013 2000 mm Atom. Fleksibilno i izdr\u017eljivo crevo za sigurno povezivanje kotlova, bojlera i profesionalnih gasnih ure\u0111aja ve\u0107eg protoka.","_seopress_robots_index":""},"product_brand":[4331],"product_cat":[4332],"product_tag":[],"class_list":{"0":"post-25102","1":"product","2":"type-product","3":"status-publish","4":"has-post-thumbnail","6":"product_brand-atom","7":"product_cat-creva-za-gas","9":"first","10":"instock","11":"shipping-taxable","12":"purchasable","13":"product-type-simple"},"_links":{"self":[{"href":"https:\/\/grejanjesrbija.com\/ru\/wp-json\/wp\/v2\/product\/25102","targetHints":{"allow":["GET"]}}],"collection":[{"href":"https:\/\/grejanjesrbija.com\/ru\/wp-json\/wp\/v2\/product"}],"about":[{"href":"https:\/\/grejanjesrbija.com\/ru\/wp-json\/wp\/v2\/types\/product"}],"wp:featuredmedia":[{"embeddable":true,"href":"https:\/\/grejanjesrbija.com\/ru\/wp-json\/wp\/v2\/media\/16900"}],"wp:attachment":[{"href":"https:\/\/grejanjesrbija.com\/ru\/wp-json\/wp\/v2\/media?parent=25102"}],"wp:term":[{"taxonomy":"product_brand","embeddable":true,"href":"https:\/\/grejanjesrbija.com\/ru\/wp-json\/wp\/v2\/product_brand?post=25102"},{"taxonomy":"product_cat","embeddable":true,"href":"https:\/\/grejanjesrbija.com\/ru\/wp-json\/wp\/v2\/product_cat?post=25102"},{"taxonomy":"product_tag","embeddable":true,"href":"https:\/\/grejanjesrbija.com\/ru\/wp-json\/wp\/v2\/product_tag?post=25102"}],"curies":[{"name":"wp","href":"https:\/\/api.w.org\/{rel}","templated":true}]}}