{"id":25110,"date":"2025-11-22T14:31:45","date_gmt":"2025-11-22T13:31:45","guid":{"rendered":"https:\/\/grejanjesrbija.com\/?post_type=product&#038;p=25110"},"modified":"2026-04-02T13:20:23","modified_gmt":"2026-04-02T11:20:23","slug":"kotao-termomont-btk-65kw","status":"publish","type":"product","link":"https:\/\/grejanjesrbija.com\/ru\/proizvod\/kotao-termomont-btk-65kw\/","title":{"rendered":"Kotao Termomont BTK 65kW"},"content":{"rendered":"<h2><strong>Kotao Termomont BTK 65kW<\/strong><\/h2>\n<p>Kotao Termomont BTK 65 kW je model iz serije BTK koje je posebno prilago\u0111eno sagorevanju biomase \u2013 kao \u0161to su balirana slama, kukuruzovina, sojina slama i drugo \u010dvrsto gorivo.\u00a0<br data-start=\"548\" data-end=\"551\" \/>Kotao je izra\u0111en od varenog \u010deli\u010dnog lima, u skladu sa normom EN 303-5 i standardom kvaliteta ISO 9001, \u0161to garantuje kvalitetnu konstrukciju i dugove\u010dnost.<\/p>\n<h2 data-start=\"2502\" data-end=\"2516\"><strong>\u041f\u0440\u0435\u0438\u043c\u0443\u0449\u0435\u0441\u0442\u0432\u0430<\/strong><\/h2>\n<ul>\n<li data-start=\"2519\" data-end=\"2594\">Visoka snaga: 65 kW omogu\u0107ava grejanje velikih ili slo\u017eenih objekata.<\/li>\n<li data-start=\"2597\" data-end=\"2678\">Efikasno sagorevanje biomase zahvaljuju\u0107i velikom lo\u017ei\u0161tu i dobrom protoku.<\/li>\n<li data-start=\"2681\" data-end=\"2770\">Izdr\u017eljiva konstrukcija: \u010deli\u010dna varena konstrukcija u skladu sa evropskim normama.<\/li>\n<li data-start=\"2773\" data-end=\"2835\">Dobar raspon regulacije temperature grejanja (60\u201390 \u00b0C).<\/li>\n<li data-start=\"2838\" data-end=\"2897\">Ekolo\u0161ki prihvatljiv rad: koristi obnovljivu biomasu.<\/li>\n<li data-start=\"2900\" data-end=\"2973\">Jednostavna instalacija: relativno standardne dimenzije i priklju\u010dci.<\/li>\n<\/ul>","protected":false},"excerpt":{"rendered":"<p data-start=\"124\" data-end=\"309\">Kotao Termomont BTK 65 kW \u2013 \u010deli\u010dni kotao na biomasu (ru\u010dno lo\u017eenje slame, je\u010dma, soje i kukuruza), dizajniran da pru\u017ei visoku snagu i pouzdano grejanje za srednje i velike objekte.<\/p>","protected":false},"featured_media":25105,"template":"","meta":{"_seopress_robots_primary_cat":"none","_seopress_titles_title":"","_seopress_titles_desc":"Kotao Termomont BTK 65 kW \u2013 \u010deli\u010dni kotao na biomasu (slama, kukuruzovina), visok kapacitet i efikasnost, idealan za grejanje srednjih i velikih objekata.","_seopress_robots_index":""},"product_brand":[4195],"product_cat":[4235],"product_tag":[],"class_list":{"0":"post-25110","1":"product","2":"type-product","3":"status-publish","4":"has-post-thumbnail","6":"product_brand-termomont","7":"product_cat-kotlovi-na-biomasu","9":"first","10":"instock","11":"shipping-taxable","12":"purchasable","13":"product-type-simple"},"_links":{"self":[{"href":"https:\/\/grejanjesrbija.com\/ru\/wp-json\/wp\/v2\/product\/25110","targetHints":{"allow":["GET"]}}],"collection":[{"href":"https:\/\/grejanjesrbija.com\/ru\/wp-json\/wp\/v2\/product"}],"about":[{"href":"https:\/\/grejanjesrbija.com\/ru\/wp-json\/wp\/v2\/types\/product"}],"wp:featuredmedia":[{"embeddable":true,"href":"https:\/\/grejanjesrbija.com\/ru\/wp-json\/wp\/v2\/media\/25105"}],"wp:attachment":[{"href":"https:\/\/grejanjesrbija.com\/ru\/wp-json\/wp\/v2\/media?parent=25110"}],"wp:term":[{"taxonomy":"product_brand","embeddable":true,"href":"https:\/\/grejanjesrbija.com\/ru\/wp-json\/wp\/v2\/product_brand?post=25110"},{"taxonomy":"product_cat","embeddable":true,"href":"https:\/\/grejanjesrbija.com\/ru\/wp-json\/wp\/v2\/product_cat?post=25110"},{"taxonomy":"product_tag","embeddable":true,"href":"https:\/\/grejanjesrbija.com\/ru\/wp-json\/wp\/v2\/product_tag?post=25110"}],"curies":[{"name":"wp","href":"https:\/\/api.w.org\/{rel}","templated":true}]}}