{"id":25114,"date":"2025-11-22T14:37:31","date_gmt":"2025-11-22T13:37:31","guid":{"rendered":"https:\/\/grejanjesrbija.com\/?post_type=product&#038;p=25114"},"modified":"2026-04-02T13:20:50","modified_gmt":"2026-04-02T11:20:50","slug":"kotao-termomont-btk-100kw","status":"publish","type":"product","link":"https:\/\/grejanjesrbija.com\/ru\/proizvod\/kotao-termomont-btk-100kw\/","title":{"rendered":"Kotao Termomont BTK 100kW"},"content":{"rendered":"<h2><strong>Kotao Termomont BTK 100kW<\/strong><\/h2>\n<p>Kotao Termomont BTK 100 kW pripada seriji BTK kotlova koji su dizajnirani za ru\u010dno lo\u017eenje biomase \u2014 kao \u0161to su balirana slama, soja, p\u0161enica, kukuruz \u2013 kao i drugih solidnih goriva.\u00a0<br data-start=\"564\" data-end=\"567\" \/>Izra\u0111en je kao \u010deli\u010dna varena konstrukcija u skladu sa evropskim standardima EN 303-5 i ISO 9001, sa atestiranim materijalima (EN 10025, EN 10028-2, EN 10120, EN 10088-2).<\/p>\n<h2 data-start=\"2790\" data-end=\"2804\"><strong>\u041f\u0440\u0435\u0438\u043c\u0443\u0449\u0435\u0441\u0442\u0432\u0430<\/strong><\/h2>\n<ul>\n<li data-start=\"2807\" data-end=\"2919\">Velika snaga (100 kW) \u2013 omogu\u0107ava grejanje velikih objekata, industrijskih hala, poljoprivrednih objekata.<\/li>\n<li data-start=\"2922\" data-end=\"3021\">Visoka efikasnost kod biomase \u2013 sa iskori\u0161\u0107enjem od 70-80%, smanjuje tro\u0161ak goriva i emisije.<\/li>\n<li data-start=\"3024\" data-end=\"3119\">Kvalitetna konstrukcija \u2013 \u010deli\u010dne varene plo\u010de i atestirani materijali za dugotrajan rad.<\/li>\n<li data-start=\"3122\" data-end=\"3207\">Veliko lo\u017ei\u0161te \u2013 adekvatno za ru\u010dno ubacivanje balirane slame i drugih biomasa.<\/li>\n<li data-start=\"3210\" data-end=\"3319\">Prilagodljiv radni re\u017eim \u2013 dobar temperaturni opseg i povratna temp. poma\u017eu u optimizaciji sagorevanja.<\/li>\n<\/ul>","protected":false},"excerpt":{"rendered":"<p data-start=\"89\" data-end=\"318\">Kotao Termomont BTK 100 kW \u2013 robustni \u010deli\u010dni kotao na biomasu \/ \u010dvrsto gorivo, sa velikim lo\u017ei\u0161tem, optimalnim kapacitetom vode i visokom efikasno\u0161\u0107u. Idealno re\u0161enje za velike objekte, hale i poljoprivredne zgrade.<\/p>","protected":false},"featured_media":25105,"template":"","meta":{"_seopress_robots_primary_cat":"none","_seopress_titles_title":"","_seopress_titles_desc":"Kotao Termomont BTK 100 kW \u2013 \u010deli\u010dni kotao na biomasu, ru\u010dno lo\u017een, sa velikim lo\u017ei\u0161tem, visokim kapacitetom i efikasno\u0161\u0107u 70-80% za grejanje velikih objekata.","_seopress_robots_index":""},"product_brand":[4195],"product_cat":[4235],"product_tag":[],"class_list":{"0":"post-25114","1":"product","2":"type-product","3":"status-publish","4":"has-post-thumbnail","6":"product_brand-termomont","7":"product_cat-kotlovi-na-biomasu","9":"first","10":"instock","11":"shipping-taxable","12":"purchasable","13":"product-type-simple"},"_links":{"self":[{"href":"https:\/\/grejanjesrbija.com\/ru\/wp-json\/wp\/v2\/product\/25114","targetHints":{"allow":["GET"]}}],"collection":[{"href":"https:\/\/grejanjesrbija.com\/ru\/wp-json\/wp\/v2\/product"}],"about":[{"href":"https:\/\/grejanjesrbija.com\/ru\/wp-json\/wp\/v2\/types\/product"}],"wp:featuredmedia":[{"embeddable":true,"href":"https:\/\/grejanjesrbija.com\/ru\/wp-json\/wp\/v2\/media\/25105"}],"wp:attachment":[{"href":"https:\/\/grejanjesrbija.com\/ru\/wp-json\/wp\/v2\/media?parent=25114"}],"wp:term":[{"taxonomy":"product_brand","embeddable":true,"href":"https:\/\/grejanjesrbija.com\/ru\/wp-json\/wp\/v2\/product_brand?post=25114"},{"taxonomy":"product_cat","embeddable":true,"href":"https:\/\/grejanjesrbija.com\/ru\/wp-json\/wp\/v2\/product_cat?post=25114"},{"taxonomy":"product_tag","embeddable":true,"href":"https:\/\/grejanjesrbija.com\/ru\/wp-json\/wp\/v2\/product_tag?post=25114"}],"curies":[{"name":"wp","href":"https:\/\/api.w.org\/{rel}","templated":true}]}}