{"id":25733,"date":"2025-12-01T13:51:25","date_gmt":"2025-12-01T12:51:25","guid":{"rendered":"https:\/\/grejanjesrbija.com\/?post_type=product&#038;p=25733"},"modified":"2026-03-09T15:15:37","modified_gmt":"2026-03-09T14:15:37","slug":"kotao-atmotec-pro-vuw-soe-240-5-3-m-h-dimnjacki-kombinovani","status":"publish","type":"product","link":"https:\/\/grejanjesrbija.com\/ru\/proizvod\/kotao-atmotec-pro-vuw-soe-240-5-3-m-h-dimnjacki-kombinovani\/","title":{"rendered":"Kotao atmoTEC pro VUW SOE 240\/5-3 M-H dimnja\u010dki, kombinovani"},"content":{"rendered":"<h2><strong>Kotao atmoTEC pro VUW SOE 240\/5-3 M-H\u00a0<\/strong><\/h2>\n<p data-start=\"419\" data-end=\"784\">Vaillant atmoTEC pro VUW SOE 240\/5-3 M-H je gasni, atmosferski (dimnja\u010dki) kombinovani kotao, konstruisan za korisnike koji imaju postoje\u0107i dimnjak i \u017eele pouzdanu i dugotrajnu opremu za grejanje doma. Zahvaljuju\u0107i proverenom atmosferskom plameniku i efikasnom izmenjiva\u010du toplote, kotao obezbe\u0111uje stabilne performanse i konzistentnu isporuku tople sanitarne vode. \u0160iroki raspon modulacije (20-100%) omogu\u0107ava da kotao radi tiho i postojano, istovremeno obezbe\u0111uju\u0107i optimalnu koli\u010dinu grejanja Va\u0161eg doma. Kotao poseduje integrisanu automatsku dvostepenu cirkulacionu pumpu i gorionik sa automatskom modulacijom. \u0160iroka modulacija, tako\u0111e, zna\u010dajno smanjuje broj ciklusa uklju\u010deno\/isklju\u010deno, a rezultat su smanjenje nepotrebnog habanja ure\u0111aja, zahvaljuju\u0107i \u010demu su zna\u010dajno smanjeni tro\u0161kovi odr\u017eavanja Va\u0161eg kotla.<\/p>\n<p data-start=\"786\" data-end=\"1100\">Ovaj model je poznat po jednostavnosti kori\u0161\u0107enja i dugotrajnosti, a Vaillant-ova tehni\u010dka re\u0161enja obezbe\u0111uju optimalan rad, sigurnost i ni\u017eu potro\u0161nju gasa u odnosu na starije generacije dimnja\u010dkih kotlova. Elektronska kontrola sagorevanja i pouzdan sigurnosni sistem \u010dine ga veoma stabilnim i predvidivim u radu.<\/p>\n<p data-start=\"1102\" data-end=\"1362\">Kotao je predvi\u0111en za monta\u017eu u stanovima i ku\u0107ama gde postoji klasi\u010dan od\u017eak, a zbog kompaktnih dimenzija lako se postavlja \u010dak i u manje tehni\u010dke prostore. Ugra\u0111eni sistem za trenutnu pripremu tople vode pru\u017ea udobnost i konstantnu temperaturu bez variranja.<\/p>\n<h3 data-start=\"1922\" data-end=\"1937\"><strong data-start=\"1924\" data-end=\"1937\">\u041f\u0440\u0435\u0438\u043c\u0443\u0449\u0435\u0441\u0442\u0432\u0430<\/strong><\/h3>\n<ul>\n<li data-start=\"1940\" data-end=\"1973\">Pouzdan rad i dug vek trajanja.<\/li>\n<li data-start=\"1976\" data-end=\"2030\">Proverena Vaillant tehnologija atmosferskih kotlova.<\/li>\n<li data-start=\"2033\" data-end=\"2086\">Idealno re\u0161enje za objekte sa postoje\u0107im dimnjakom.<\/li>\n<li data-start=\"2089\" data-end=\"2135\">Stabilna priprema tople vode bez oscilacija.<\/li>\n<li data-start=\"2138\" data-end=\"2176\">Jednostavno kori\u0161\u0107enje i odr\u017eavanje.<\/li>\n<li data-start=\"2179\" data-end=\"2217\">Kompaktne dimenzije i laka ugradnja (V 800 x \u0160 440 x D 338 mm, 36kg).<\/li>\n<li data-start=\"2220\" data-end=\"2261\">Tih rad i niska potro\u0161nja u svojoj klasi.<\/li>\n<\/ul>\n<h3 data-start=\"2268\" data-end=\"2302\"><strong>Za\u0161to odabrati ovaj kotao?<\/strong><\/h3>\n<p data-start=\"2303\" data-end=\"2738\">Vaillant atmoTEC pro VUW SOE 240\/5-3 M-H je izbor za korisnike koji \u017eele provereno, jednostavno i dugotrajno re\u0161enje za grejanje i toplu vodu, posebno u objektima sa ve\u0107 postoje\u0107im dimnjakom gde je atmosferski kotao najprakti\u010dnije re\u0161enje. Stabilan rad, lako odr\u017eavanje i Vaillant-ova reputacija \u010dine ga sigurnom investicijom za mnoge godine, dok pouzdana priprema tople vode i tihi rad obezbe\u0111uju visok komfor u svakodnevnoj upotrebi.<\/p>","protected":false},"excerpt":{"rendered":"<p data-start=\"141\" data-end=\"390\">Vaillant atmoTEC pro VUW SOE 240\/5-3 M-H je pouzdan dimnja\u010dki kombinovani kotao za grejanje i pripremu tople vode, idealan za objekte koji koriste klasi\u010dni dimnjak. Nudi stabilan rad, jednostavno odr\u017eavanje i prepoznatljiv Vaillant kvalitet.<\/p>","protected":false},"featured_media":25206,"template":"","meta":{"_seopress_robots_primary_cat":"none","_seopress_titles_title":"","_seopress_titles_desc":"Vaillant atmoTEC pro VUW SOE 240\/5-3 M-H \u2013 pouzdan dimnja\u010dki kombinovani kotao od 24 kW, idealan za objekte sa postoje\u0107im dimnjakom. Stabilan rad, jednostavna upotreba i dugotrajnost.","_seopress_robots_index":""},"product_brand":[4226],"product_cat":[5126,4228],"product_tag":[],"class_list":{"0":"post-25733","1":"product","2":"type-product","3":"status-publish","4":"has-post-thumbnail","6":"product_brand-vaillant","7":"product_cat-dimnjacki-kotlovi","8":"product_cat-kotlovi-na-gas","10":"first","11":"instock","12":"shipping-taxable","13":"purchasable","14":"product-type-simple"},"_links":{"self":[{"href":"https:\/\/grejanjesrbija.com\/ru\/wp-json\/wp\/v2\/product\/25733","targetHints":{"allow":["GET"]}}],"collection":[{"href":"https:\/\/grejanjesrbija.com\/ru\/wp-json\/wp\/v2\/product"}],"about":[{"href":"https:\/\/grejanjesrbija.com\/ru\/wp-json\/wp\/v2\/types\/product"}],"wp:featuredmedia":[{"embeddable":true,"href":"https:\/\/grejanjesrbija.com\/ru\/wp-json\/wp\/v2\/media\/25206"}],"wp:attachment":[{"href":"https:\/\/grejanjesrbija.com\/ru\/wp-json\/wp\/v2\/media?parent=25733"}],"wp:term":[{"taxonomy":"product_brand","embeddable":true,"href":"https:\/\/grejanjesrbija.com\/ru\/wp-json\/wp\/v2\/product_brand?post=25733"},{"taxonomy":"product_cat","embeddable":true,"href":"https:\/\/grejanjesrbija.com\/ru\/wp-json\/wp\/v2\/product_cat?post=25733"},{"taxonomy":"product_tag","embeddable":true,"href":"https:\/\/grejanjesrbija.com\/ru\/wp-json\/wp\/v2\/product_tag?post=25733"}],"curies":[{"name":"wp","href":"https:\/\/api.w.org\/{rel}","templated":true}]}}